{"id":1188,"date":"2017-04-04T13:20:11","date_gmt":"2017-04-04T11:20:11","guid":{"rendered":"https:\/\/www.andbank.com\/lxb\/banca-privada\/nuestros-servicios\/"},"modified":"2018-01-22T14:09:34","modified_gmt":"2018-01-22T12:09:34","slug":"services-investissement","status":"publish","type":"page","link":"https:\/\/www.andbank.com\/luxembourg\/banque-privee\/services-investissement\/","title":{"rendered":"Services d&rsquo;investissement"},"content":{"rendered":"<p>Nous offrons la gamme compl\u00e8te de services d&rsquo;investissement adapt\u00e9s aux besoins sp\u00e9cifiques de nos clients. Nos services ne sont pas mutuellement exclusifs. Cela signifie que nos clients peuvent concevoir leur structure de compte en combinant diff\u00e9rents services et profils afin de faire correspondre chaque compte avec leurs objectifs financiers.<\/p>\n<p><img loading=\"lazy\" decoding=\"async\" class=\"alignnone wp-image-2956\" src=\"https:\/\/www.andbank.com\/lxb\/wp-content\/uploads\/sites\/24\/2017\/04\/Services-dinvestissement-1.png\" alt=\"\" width=\"748\" height=\"488\" srcset=\"https:\/\/www.andbank.com\/luxembourg\/wp-content\/uploads\/sites\/24\/2017\/04\/Services-dinvestissement-1.png 1430w, https:\/\/www.andbank.com\/luxembourg\/wp-content\/uploads\/sites\/24\/2017\/04\/Services-dinvestissement-1-768x501.png 768w\" sizes=\"(max-width: 748px) 100vw, 748px\" \/><\/p>\n<p>Notre gamme de produits financiers investissables repose sur une politique d&rsquo;architecture ouverte. Nos clients ont acc\u00e8s \u00e0 une grande quantit\u00e9 de produits financiers avec diff\u00e9rents profils de risque et de r\u00e9compense et peuvent b\u00e9n\u00e9ficier des avantages de diversification de combiner diff\u00e9rentes classes d&rsquo;actifs afin d&rsquo;atteindre leurs objectifs de performance et de risque.<\/p>\n<ul>\n<li>Actions<\/li>\n<li>Revenu fixe<\/li>\n<li>Fonds communs de placement<\/li>\n<li>D\u00e9riv\u00e9s<\/li>\n<li>Produits structur\u00e9s<\/li>\n<li>Forex Exchange March\u00e9<\/li>\n<li>D\u00e9p\u00f4ts \u00e0 terme<\/li>\n<\/ul>\n","protected":false},"excerpt":{"rendered":"<p>Nous offrons la gamme compl\u00e8te de services d&rsquo;investissement adapt\u00e9s aux besoins sp\u00e9cifiques de nos clients. Nos services ne sont pas mutuellement exclusifs.<\/p>\n","protected":false},"author":1,"featured_media":2183,"parent":1184,"menu_order":61,"comment_status":"closed","ping_status":"closed","template":"template-distributor.php","meta":{"_acf_changed":false,"footnotes":""},"yst_prominent_words":[230,229,139,222,235,186,225,226,236,224,231,228,232,223,227,234,140,233],"class_list":["post-1188","page","type-page","status-publish","has-post-thumbnail","hentry"],"acf":[],"_links":{"self":[{"href":"https:\/\/www.andbank.com\/luxembourg\/wp-json\/wp\/v2\/pages\/1188"}],"collection":[{"href":"https:\/\/www.andbank.com\/luxembourg\/wp-json\/wp\/v2\/pages"}],"about":[{"href":"https:\/\/www.andbank.com\/luxembourg\/wp-json\/wp\/v2\/types\/page"}],"author":[{"embeddable":true,"href":"https:\/\/www.andbank.com\/luxembourg\/wp-json\/wp\/v2\/users\/1"}],"replies":[{"embeddable":true,"href":"https:\/\/www.andbank.com\/luxembourg\/wp-json\/wp\/v2\/comments?post=1188"}],"version-history":[{"count":0,"href":"https:\/\/www.andbank.com\/luxembourg\/wp-json\/wp\/v2\/pages\/1188\/revisions"}],"up":[{"embeddable":true,"href":"https:\/\/www.andbank.com\/luxembourg\/wp-json\/wp\/v2\/pages\/1184"}],"wp:featuredmedia":[{"embeddable":true,"href":"https:\/\/www.andbank.com\/luxembourg\/wp-json\/wp\/v2\/media\/2183"}],"wp:attachment":[{"href":"https:\/\/www.andbank.com\/luxembourg\/wp-json\/wp\/v2\/media?parent=1188"}],"wp:term":[{"taxonomy":"yst_prominent_words","embeddable":true,"href":"https:\/\/www.andbank.com\/luxembourg\/wp-json\/wp\/v2\/yst_prominent_words?post=1188"}],"curies":[{"name":"wp","href":"https:\/\/api.w.org\/{rel}","templated":true}]}}