{"id":1236,"date":"2017-04-18T16:37:03","date_gmt":"2017-04-18T14:37:03","guid":{"rendered":"https:\/\/www.andbank.com\/lxb\/asset-management\/quienes-somos\/"},"modified":"2021-08-10T10:57:39","modified_gmt":"2021-08-10T08:57:39","slug":"qui-sommes-nous","status":"publish","type":"page","link":"https:\/\/www.andbank.com\/luxembourg\/gestion-dactifs\/qui-sommes-nous\/","title":{"rendered":"Qui sommes-nous"},"content":{"rendered":"<p>Andbank Asset Management Luxembourg met \u00e0 la disposition des investisseurs institutionnels et priv\u00e9s son expertise afin de les conseiller sur la meilleure structure de fonds d\u2019investissement \u00e0 adopter, de les accompagner depuis la constitution du projet jusqu\u2019au lancement et au suivi de la vie du fonds\u00a0:<\/p>\n<ul>\n<li>La conservation de tous les documents l\u00e9gaux<\/li>\n<li>Le traitement de communications pour le fonds<\/li>\n<li>Le service de secr\u00e9tariat relatif \u00e0 la tenue du conseil d\u2019Administration et des Assembl\u00e9es g\u00e9n\u00e9rales<\/li>\n<li>L\u2019envoi et la publication des notices l\u00e9gales du fonds<\/li>\n<li>L\u2019ex\u00e9cution des ordres<\/li>\n<li>L\u2019\u00e9tude et la mise en place des r\u00e8gles relatives aux politiques d\u2019investissement<\/li>\n<li>Le passage d\u2019ordres<\/li>\n<\/ul>\n<p>D\u2019autre part, la soci\u00e9t\u00e9 de gestion propose aux conseillers financiers ind\u00e9pendants un outil pr\u00e9formant, flexible et s\u00e9curis\u00e9 leur permettant de suivre et de g\u00e9rer \u00e0 distance en temps r\u00e9el leur fonds d\u2019investissement. Cet outil est bas\u00e9 sur le principe du \u00ab\u00a0Plug&amp;Play\u00a0\u00bb donnant la possibilit\u00e9 \u00e0 chaque gestionnaire de contr\u00f4ler les ordres effectu\u00e9s et de v\u00e9rifier les \u00e9ventuels d\u00e9passements (actifs ou passifs).<\/p>\n<p>Notre objectif est de cr\u00e9e une relation \u00e0 long terme. Pour cela, nous y d\u00e9dions nos meilleurs gestionnaires et nos syst\u00e8mes de contr\u00f4le et gestion les plus sophistiqu\u00e9es.<\/p>\n<p>Les gens qui forment l\u2019\u00e9quipe d\u2019Andbank Asset Management sont votre instrument investisseur, le d\u00e9vouement, l\u2019exp\u00e9rience et la satisfaction professionnelle sont leur lettre de motivation.<\/p>\n<p>Avec des centres d\u2019investissement et des experts-investisseurs sur les 2 continents, nous offrons une gestion d\u2019actifs globale fond\u00e9e sur les connaissances locales de chaque march\u00e9.<\/p>\n","protected":false},"excerpt":{"rendered":"<p>Andbank Asset Management est une soci\u00e9t\u00e9 de gestion de fonds de placement t\u00e9moignant d\u2019un engagement en faveur du service de particuliers, d\u2019entreprises et d\u2019institutions.<\/p>\n","protected":false},"author":1,"featured_media":2241,"parent":1234,"menu_order":31,"comment_status":"closed","ping_status":"closed","template":"template-detail.php","meta":{"_acf_changed":false,"footnotes":""},"yst_prominent_words":[439,182,293,294,181,28,154,298,296],"class_list":["post-1236","page","type-page","status-publish","has-post-thumbnail","hentry"],"acf":[],"_links":{"self":[{"href":"https:\/\/www.andbank.com\/luxembourg\/wp-json\/wp\/v2\/pages\/1236"}],"collection":[{"href":"https:\/\/www.andbank.com\/luxembourg\/wp-json\/wp\/v2\/pages"}],"about":[{"href":"https:\/\/www.andbank.com\/luxembourg\/wp-json\/wp\/v2\/types\/page"}],"author":[{"embeddable":true,"href":"https:\/\/www.andbank.com\/luxembourg\/wp-json\/wp\/v2\/users\/1"}],"replies":[{"embeddable":true,"href":"https:\/\/www.andbank.com\/luxembourg\/wp-json\/wp\/v2\/comments?post=1236"}],"version-history":[{"count":0,"href":"https:\/\/www.andbank.com\/luxembourg\/wp-json\/wp\/v2\/pages\/1236\/revisions"}],"up":[{"embeddable":true,"href":"https:\/\/www.andbank.com\/luxembourg\/wp-json\/wp\/v2\/pages\/1234"}],"wp:featuredmedia":[{"embeddable":true,"href":"https:\/\/www.andbank.com\/luxembourg\/wp-json\/wp\/v2\/media\/2241"}],"wp:attachment":[{"href":"https:\/\/www.andbank.com\/luxembourg\/wp-json\/wp\/v2\/media?parent=1236"}],"wp:term":[{"taxonomy":"yst_prominent_words","embeddable":true,"href":"https:\/\/www.andbank.com\/luxembourg\/wp-json\/wp\/v2\/yst_prominent_words?post=1236"}],"curies":[{"name":"wp","href":"https:\/\/api.w.org\/{rel}","templated":true}]}}