{"id":1242,"date":"2017-06-28T17:32:28","date_gmt":"2017-06-28T15:32:28","guid":{"rendered":"https:\/\/www.andbank.com\/lxb\/analisis-de-mercados\/opinion-corporativa\/"},"modified":"2023-07-17T18:25:52","modified_gmt":"2023-07-17T16:25:52","slug":"avis-corporatif","status":"publish","type":"page","link":"https:\/\/www.andbank.com\/luxembourg\/analyse-de-marches\/avis-corporatif\/","title":{"rendered":"Avis corporatif"},"content":{"rendered":"<h2>Avis corporatif<\/h2>\r\n<p class=\"subtitle title7\">Andbank publie chaque mois un rapport qui contient l\u2019opinion de l\u2019entit\u00e9 sur les perspectives de l\u2019\u00e9conomie et les march\u00e9s financiers aux niveaux local et mondial. D\u00e9couvrez l\u2019opinion d\u2019Andbank avec notre \u00e9conomiste en chef, \u00c0lex Fust\u00e9.<\/p>\r\n\r\n<p>&nbsp;<\/p>\r\n","protected":false},"excerpt":{"rendered":"<p>Andbank publie chaque mois un rapport qui contient l\u2019opinion de l\u2019entit\u00e9 sur les perspectives de l\u2019\u00e9conomie et les march\u00e9s financiers aux niveaux local et mondial. D\u00e9couvrez l\u2019opinion d\u2019Andbank avec notre \u00e9conomiste en chef, \u00c0lex Fust\u00e9.<\/p>\n","protected":false},"author":18,"featured_media":0,"parent":1240,"menu_order":0,"comment_status":"closed","ping_status":"closed","template":"template-market-blog.php","meta":{"_acf_changed":false,"footnotes":""},"yst_prominent_words":[404],"class_list":["post-1242","page","type-page","status-publish","hentry"],"acf":[],"_links":{"self":[{"href":"https:\/\/www.andbank.com\/luxembourg\/wp-json\/wp\/v2\/pages\/1242"}],"collection":[{"href":"https:\/\/www.andbank.com\/luxembourg\/wp-json\/wp\/v2\/pages"}],"about":[{"href":"https:\/\/www.andbank.com\/luxembourg\/wp-json\/wp\/v2\/types\/page"}],"author":[{"embeddable":true,"href":"https:\/\/www.andbank.com\/luxembourg\/wp-json\/wp\/v2\/users\/18"}],"replies":[{"embeddable":true,"href":"https:\/\/www.andbank.com\/luxembourg\/wp-json\/wp\/v2\/comments?post=1242"}],"version-history":[{"count":7,"href":"https:\/\/www.andbank.com\/luxembourg\/wp-json\/wp\/v2\/pages\/1242\/revisions"}],"predecessor-version":[{"id":14151,"href":"https:\/\/www.andbank.com\/luxembourg\/wp-json\/wp\/v2\/pages\/1242\/revisions\/14151"}],"up":[{"embeddable":true,"href":"https:\/\/www.andbank.com\/luxembourg\/wp-json\/wp\/v2\/pages\/1240"}],"wp:attachment":[{"href":"https:\/\/www.andbank.com\/luxembourg\/wp-json\/wp\/v2\/media?parent=1242"}],"wp:term":[{"taxonomy":"yst_prominent_words","embeddable":true,"href":"https:\/\/www.andbank.com\/luxembourg\/wp-json\/wp\/v2\/yst_prominent_words?post=1242"}],"curies":[{"name":"wp","href":"https:\/\/api.w.org\/{rel}","templated":true}]}}