{"id":1252,"date":"2017-04-19T10:22:16","date_gmt":"2017-04-19T08:22:16","guid":{"rendered":"https:\/\/www.andbank.com\/lxb\/aviso-legal\/"},"modified":"2026-03-02T20:18:04","modified_gmt":"2026-03-02T18:18:04","slug":"cadre-reglementaire-la-banque","status":"publish","type":"page","link":"https:\/\/www.andbank.com\/luxembourg\/cadre-reglementaire-la-banque\/","title":{"rendered":"Cadre r\u00e8glementaire La Banque"},"content":{"rendered":"<h2>MIFID<\/h2>\n<ul>\n<li><a href=\"https:\/\/www.andbank.com\/luxembourg\/wp-content\/uploads\/sites\/24\/2026\/02\/EN_App-form-MiFID-classification-change-request-general_-v216042025.pdf\" target=\"_blank\" rel=\"noopener\">Demande de Changement de cat\u00e9gorie MiFID<\/a><\/li>\n<li><a href=\"https:\/\/www.andbank.com\/luxembourg\/wp-content\/uploads\/sites\/24\/2025\/09\/LUX-POL-012-Best-Execution-Order-Management_v5.4.pdf\" target=\"_blank\" rel=\"noopener\">Politique de meilleure ex\u00e9cution<\/a><\/li>\n<li><a href=\"https:\/\/www.andbank.com\/luxembourg\/wp-content\/uploads\/sites\/24\/2025\/09\/LUX-POL-004-Conflicts-of-Interest-Policy_v8.2.pdf\">Politique de Conflits d&rsquo;int\u00e9r\u00eats<\/a><\/li>\n<li><a href=\"https:\/\/www.andbank.com\/luxembourg\/wp-content\/uploads\/sites\/24\/2017\/04\/POLICY-SAFEGUARDING-FIN-INSTRUMENTS-AND-FUNDS-word-website.pdf\" target=\"_blank\" rel=\"noopener\">Politique r\u00e9gissant la sauvegarde des instruments financiers et des actifs de clients<\/a><\/li>\n<li><a href=\"https:\/\/www.andbank.com\/luxembourg\/wp-content\/uploads\/sites\/24\/2017\/04\/Overview-of-the-Main-Characteristics-and-risks.pdf\" target=\"_blank\" rel=\"noopener\">Guide d\u2019investissement<\/a><\/li>\n<li><a href=\"https:\/\/www.andbank.com\/luxembourg\/wp-content\/uploads\/sites\/24\/2025\/09\/LUX-POL-011-Inducements-Policy-v2.6.pdf\" target=\"_blank\" rel=\"noopener\">Politique d\u2019incitations<\/a><\/li>\n<li><a href=\"https:\/\/www.andbank.com\/luxembourg\/wp-content\/uploads\/sites\/24\/2025\/10\/Top-5-Venues-2024.pdf\" target=\"_blank\" rel=\"noopener\">Top 5 Execution Venues<\/a><\/li>\n<\/ul>\n<p>&nbsp;<\/p>\n<h2>US Patriot Act Certificate<\/h2>\n<ul>\n<li><a href=\"https:\/\/www.andbank.com\/luxembourg\/wp-content\/uploads\/sites\/24\/2025\/09\/2025-09-19-Modelo-USA-Patriot-Act.pdf\" target=\"_blank\" rel=\"noopener noreferrer\">Acc\u00e9der au USA PATRIOT ACT CERTIFICATE<\/a><\/li>\n<\/ul>\n<p>&nbsp;<\/p>\n<h2>Plaintes<\/h2>\n<ul>\n<li><a href=\"https:\/\/www.andbank.com\/luxembourg\/wp-content\/uploads\/sites\/24\/2024\/03\/LUX-POL-051-Complaint-Handling-Policy-Website-version.pdf\" target=\"_blank\" rel=\"noopener\">Comment d\u00e9poser une plainte<\/a><\/li>\n<\/ul>\n<p>&nbsp;<\/p>\n<h2>Conditions G\u00e9n\u00e9rales<\/h2>\n<ul>\n<li><a href=\"https:\/\/www.andbank.com\/luxembourg\/wp-content\/uploads\/sites\/24\/2026\/02\/GTC-ANDBANK-_-EN-V11-13-02-2026.pdf\" target=\"_blank\" rel=\"noopener\">Informations sur les Conditions G\u00e9n\u00e9rales<\/a><\/li>\n<\/ul>\n<p>&nbsp;<\/p>\n<h2>Garantie des d\u00e9p\u00f4ts bancaires<\/h2>\n<ul>\n<li><a href=\"https:\/\/www.andbank.com\/lxb\/wp-content\/uploads\/sites\/24\/2018\/01\/information-about-the-protection-of-deposit.pdf\" target=\"_blank\" rel=\"noopener\">Information sur la garantie des d\u00e9p\u00f4ts bancaires<\/a><\/li>\n<li><a href=\"https:\/\/www.andbank.com\/luxembourg\/wp-content\/uploads\/sites\/24\/2025\/08\/SIIL-Notice-v0106082025-FR.pdf\" target=\"_blank\" rel=\"noopener\">Informations sur la protection des investisseurs<\/a><\/li>\n<\/ul>\n<p>&nbsp;<\/p>\n<h2>Pillar III<\/h2>\n<ul>\n<li><a href=\"https:\/\/www.andbank.com\/luxembourg\/wp-content\/uploads\/sites\/24\/2025\/10\/Andbank-Luxembourg-S.A.-Pillar-III-2024.pdf\" target=\"_blank\" rel=\"noopener\">Pillar III Disclosure<\/a><\/li>\n<\/ul>\n<p>&nbsp;<\/p>\n<h2>Personal Data Protection Notices<\/h2>\n<ul>\n<li><a href=\"https:\/\/www.andbank.com\/luxembourg\/wp-content\/uploads\/sites\/24\/2025\/06\/Video-Surveillance-Notice-v319052025.pdf\" target=\"_blank\" rel=\"noopener\">Vid\u00e9osurveillance<\/a><\/li>\n<li><a href=\"https:\/\/www.andbank.com\/luxembourg\/wp-content\/uploads\/sites\/24\/2026\/03\/Client-Notice-v613022026.pdf\" target=\"_blank\" rel=\"noopener\">Client Notice<\/a><\/li>\n<li><a href=\"https:\/\/www.andbank.com\/luxembourg\/wp-content\/uploads\/sites\/24\/2024\/09\/Service-Provider-Notice-v131072024.pdf\" target=\"_blank\" rel=\"noopener\">Service Provider Notice<\/a><\/li>\n<li><a href=\"https:\/\/www.andbank.com\/luxembourg\/wp-content\/uploads\/sites\/24\/2024\/09\/Candidate-Notice-v231072024.pdf\" target=\"_blank\" rel=\"noopener\">Candidate Notice<\/a><\/li>\n<\/ul>\n<p>&nbsp;<\/p>\n<h2>Tarifs Applicables Banque Priv\u00e9e<\/h2>\n<ul>\n<li><a href=\"https:\/\/www.andbank.com\/andorra\/wp-content\/uploads\/sites\/10\/2025\/07\/andbank_tarifes_2025_LUX_FR-1.pdf\" target=\"_blank\" rel=\"noopener\">Tarifs Applicables Banque Priv\u00e9e<\/a><\/li>\n<\/ul>\n<p>&nbsp;<\/p>\n<h2>Canal de d\u00e9nonciation<\/h2>\n<ul>\n<li><a href=\"https:\/\/www.andbank.com\/luxembourg\/canal-de-denonciation\/\">Canal de d\u00e9nonciation<\/a><\/li>\n<\/ul>\n<p>&nbsp;<\/p>\n<h2>Politiques de gouvernance et de r\u00e9mun\u00e9ration<\/h2>\n<ul>\n<li><a href=\"https:\/\/www.andbank.com\/luxembourg\/wp-content\/uploads\/sites\/24\/2025\/10\/LUX-POL-006-Remuneration-policy_v12.5-1.pdf\" target=\"_blank\" rel=\"noopener\">Remuneration Policy<\/a><\/li>\n<\/ul>\n<p>&nbsp;<\/p>\n","protected":false},"excerpt":{"rendered":"<p>MIFID Demande de Changement de cat\u00e9gorie MiFID Politique de meilleure ex\u00e9cution Politique de Conflits d&rsquo;int\u00e9r\u00eats Politique r\u00e9gissant la sauvegarde des instruments financiers et des actifs de clients Guide d\u2019investissement Politique d\u2019incitations Top 5 Execution Venues &nbsp; US Patriot Act Certificate Acc\u00e9der au USA PATRIOT ACT CERTIFICATE &nbsp; Plaintes Comment d\u00e9poser une plainte &nbsp; Conditions G\u00e9n\u00e9rales [&hellip;]<\/p>\n","protected":false},"author":18,"featured_media":2335,"parent":0,"menu_order":1,"comment_status":"closed","ping_status":"closed","template":"","meta":{"_acf_changed":false,"footnotes":""},"yst_prominent_words":[2063,2059,457,432,1581,1580,1579,196,1778,91,1246,1207,2062,2058,2057],"class_list":["post-1252","page","type-page","status-publish","has-post-thumbnail","hentry"],"acf":[],"_links":{"self":[{"href":"https:\/\/www.andbank.com\/luxembourg\/wp-json\/wp\/v2\/pages\/1252"}],"collection":[{"href":"https:\/\/www.andbank.com\/luxembourg\/wp-json\/wp\/v2\/pages"}],"about":[{"href":"https:\/\/www.andbank.com\/luxembourg\/wp-json\/wp\/v2\/types\/page"}],"author":[{"embeddable":true,"href":"https:\/\/www.andbank.com\/luxembourg\/wp-json\/wp\/v2\/users\/18"}],"replies":[{"embeddable":true,"href":"https:\/\/www.andbank.com\/luxembourg\/wp-json\/wp\/v2\/comments?post=1252"}],"version-history":[{"count":58,"href":"https:\/\/www.andbank.com\/luxembourg\/wp-json\/wp\/v2\/pages\/1252\/revisions"}],"predecessor-version":[{"id":16226,"href":"https:\/\/www.andbank.com\/luxembourg\/wp-json\/wp\/v2\/pages\/1252\/revisions\/16226"}],"wp:featuredmedia":[{"embeddable":true,"href":"https:\/\/www.andbank.com\/luxembourg\/wp-json\/wp\/v2\/media\/2335"}],"wp:attachment":[{"href":"https:\/\/www.andbank.com\/luxembourg\/wp-json\/wp\/v2\/media?parent=1252"}],"wp:term":[{"taxonomy":"yst_prominent_words","embeddable":true,"href":"https:\/\/www.andbank.com\/luxembourg\/wp-json\/wp\/v2\/yst_prominent_words?post=1252"}],"curies":[{"name":"wp","href":"https:\/\/api.w.org\/{rel}","templated":true}]}}