{"id":1504,"date":"2017-07-13T13:09:36","date_gmt":"2017-07-13T11:09:36","guid":{"rendered":"https:\/\/www.andbank.com\/lxb\/banca-privada\/nuestros-servicios\/discretionary-portfolio-management\/"},"modified":"2021-08-19T11:54:40","modified_gmt":"2021-08-19T09:54:40","slug":"gestion-discretionnaire","status":"publish","type":"page","link":"https:\/\/www.andbank.com\/luxembourg\/banque-privee\/services-investissement\/gestion-discretionnaire\/","title":{"rendered":"Gestion discr\u00e9tionnaire"},"content":{"rendered":"<h2>Qu\u2019est-ce que la gestion discr\u00e9tionnaire de portefeuille ?<\/h2>\n<p>Il s\u2019agit de la <strong>d\u00e9l\u00e9gation<\/strong> de la gestion d\u2019un portefeuille priv\u00e9 \u00e0 une entit\u00e9 financi\u00e8re autoris\u00e9e.<\/p>\n<p>L\u2019entit\u00e9 g\u00e8re librement les actifs du client sur la base d\u2019une politique de placement convenue au pr\u00e9alable.<\/p>\n<p>&nbsp;<\/p>\n<h2>Qu\u2019est-ce que nous offrons ?<\/h2>\n<ul>\n<li>Le portefeuille est g\u00e9r\u00e9 et surveill\u00e9 par une \u00e9quipe <strong>professionnelle<\/strong> de gestionnaires de portefeuilles qui b\u00e9n\u00e9ficient du soutien des strat\u00e8ges mondiaux d\u2019Andbank ainsi que par des s\u00e9lectionneurs d\u2019actifs sp\u00e9cialis\u00e9s. Nous pouvons g\u00e9rer des portefeuilles d\u00e9tenus \u00e0 Andbank Luxembourg ou dans d\u2019autres entit\u00e9s financi\u00e8res, aupr\u00e8s de la client\u00e8le de d\u00e9tail ou des structures d\u2019investissement de clients institutionnels tels que des polices d\u2019assurance vie ou des OPC.<\/li>\n<li>Conception d\u2019un portefeuille <strong>adapt\u00e9<\/strong> au profil de risque, aux objectifs, aux connaissances et aux limites ou pr\u00e9f\u00e9rences de placement suppl\u00e9mentaires de chaque client.<\/li>\n<li><strong>Contact direct<\/strong> avec le banquier priv\u00e9 et <strong>acc\u00e8s<\/strong> \u00e0 nos sp\u00e9cialistes.<\/li>\n<li>Nous offrons des <strong>informations<\/strong> d\u00e9taill\u00e9es, claires et transparentes sur les portefeuilles par le biais de nos services en ligne.<\/li>\n<\/ul>\n<p>Demander plus d\u2019informations sur le <a href=\"https:\/\/www.andbank.com\/luxembourg\/fr\/contact\/\" target=\"_blank\" rel=\"noopener\">service de gestion discr\u00e9tionnaire de portefeuille<\/a><\/p>\n","protected":false},"excerpt":{"rendered":"<p>Nous g\u00e9rons de mani\u00e8re personnalis\u00e9e le patrimoine de nos clients avec une ind\u00e9pendance absolue, en mesurant et en contr\u00f4lant \u00e0 tout moment le niveau de risque et les attentes de rentabilit\u00e9 qui peuvent \u00eatre attendues.<\/p>\n","protected":false},"author":1,"featured_media":2190,"parent":1188,"menu_order":23,"comment_status":"closed","ping_status":"closed","template":"template-detail.php","meta":{"_acf_changed":false,"footnotes":""},"yst_prominent_words":[19,892,139,158,152,150,159,138,431,156,154,685,37,151,160],"class_list":["post-1504","page","type-page","status-publish","has-post-thumbnail","hentry"],"acf":[],"_links":{"self":[{"href":"https:\/\/www.andbank.com\/luxembourg\/wp-json\/wp\/v2\/pages\/1504"}],"collection":[{"href":"https:\/\/www.andbank.com\/luxembourg\/wp-json\/wp\/v2\/pages"}],"about":[{"href":"https:\/\/www.andbank.com\/luxembourg\/wp-json\/wp\/v2\/types\/page"}],"author":[{"embeddable":true,"href":"https:\/\/www.andbank.com\/luxembourg\/wp-json\/wp\/v2\/users\/1"}],"replies":[{"embeddable":true,"href":"https:\/\/www.andbank.com\/luxembourg\/wp-json\/wp\/v2\/comments?post=1504"}],"version-history":[{"count":0,"href":"https:\/\/www.andbank.com\/luxembourg\/wp-json\/wp\/v2\/pages\/1504\/revisions"}],"up":[{"embeddable":true,"href":"https:\/\/www.andbank.com\/luxembourg\/wp-json\/wp\/v2\/pages\/1188"}],"wp:featuredmedia":[{"embeddable":true,"href":"https:\/\/www.andbank.com\/luxembourg\/wp-json\/wp\/v2\/media\/2190"}],"wp:attachment":[{"href":"https:\/\/www.andbank.com\/luxembourg\/wp-json\/wp\/v2\/media?parent=1504"}],"wp:term":[{"taxonomy":"yst_prominent_words","embeddable":true,"href":"https:\/\/www.andbank.com\/luxembourg\/wp-json\/wp\/v2\/yst_prominent_words?post=1504"}],"curies":[{"name":"wp","href":"https:\/\/api.w.org\/{rel}","templated":true}]}}