{"id":2117,"date":"2018-01-15T13:54:44","date_gmt":"2018-01-15T11:54:44","guid":{"rendered":"https:\/\/www.andbank.com\/lxb\/?page_id=2117"},"modified":"2026-03-09T20:22:16","modified_gmt":"2026-03-09T18:22:16","slug":"flash-notes","status":"publish","type":"page","link":"https:\/\/www.andbank.com\/luxembourg\/analyse-de-marches\/flash-notes\/","title":{"rendered":"Flash Notes"},"content":{"rendered":"<h2>Flash notes<\/h2>\n<p>Notre \u00e9conomiste en chef, \u00c0lex Fust\u00e9, analyse la situation globale des march\u00e9s financiers et \u00e9value les perspectives de l\u2019\u00e9conomie dans les Flash Notes que nous partageons avec nos clients lorsque survient un \u00e9v\u00e9nement important pour les march\u00e9s.<\/p>\n","protected":false},"excerpt":{"rendered":"<p>Notre \u00e9conomiste en chef, \u00c0lex Fust\u00e9, analyse la situation globale des march\u00e9s financiers et \u00e9value les perspectives de l\u2019\u00e9conomie dans les Flash Notes que nous partageons avec nos clients lorsque survient un \u00e9v\u00e9nement important pour les march\u00e9s.<\/p>\n","protected":false},"author":13,"featured_media":0,"parent":1240,"menu_order":6,"comment_status":"closed","ping_status":"closed","template":"template-market-blog.php","meta":{"_acf_changed":false,"footnotes":""},"yst_prominent_words":[406,405,408,407],"class_list":["post-2117","page","type-page","status-publish","hentry"],"acf":[],"_links":{"self":[{"href":"https:\/\/www.andbank.com\/luxembourg\/wp-json\/wp\/v2\/pages\/2117"}],"collection":[{"href":"https:\/\/www.andbank.com\/luxembourg\/wp-json\/wp\/v2\/pages"}],"about":[{"href":"https:\/\/www.andbank.com\/luxembourg\/wp-json\/wp\/v2\/types\/page"}],"author":[{"embeddable":true,"href":"https:\/\/www.andbank.com\/luxembourg\/wp-json\/wp\/v2\/users\/13"}],"replies":[{"embeddable":true,"href":"https:\/\/www.andbank.com\/luxembourg\/wp-json\/wp\/v2\/comments?post=2117"}],"version-history":[{"count":16,"href":"https:\/\/www.andbank.com\/luxembourg\/wp-json\/wp\/v2\/pages\/2117\/revisions"}],"predecessor-version":[{"id":16245,"href":"https:\/\/www.andbank.com\/luxembourg\/wp-json\/wp\/v2\/pages\/2117\/revisions\/16245"}],"up":[{"embeddable":true,"href":"https:\/\/www.andbank.com\/luxembourg\/wp-json\/wp\/v2\/pages\/1240"}],"wp:attachment":[{"href":"https:\/\/www.andbank.com\/luxembourg\/wp-json\/wp\/v2\/media?parent=2117"}],"wp:term":[{"taxonomy":"yst_prominent_words","embeddable":true,"href":"https:\/\/www.andbank.com\/luxembourg\/wp-json\/wp\/v2\/yst_prominent_words?post=2117"}],"curies":[{"name":"wp","href":"https:\/\/api.w.org\/{rel}","templated":true}]}}