{"id":2290,"date":"2018-01-17T12:16:24","date_gmt":"2018-01-17T10:16:24","guid":{"rendered":"https:\/\/www.andbank.com\/lxb\/?page_id=2290"},"modified":"2021-09-14T16:36:16","modified_gmt":"2021-09-14T14:36:16","slug":"andbank-dans-le-monde","status":"publish","type":"page","link":"https:\/\/www.andbank.com\/luxembourg\/qui-sommes-nous\/andbank-dans-le-monde\/","title":{"rendered":"Andbank dans le Monde"},"content":{"rendered":"","protected":false},"excerpt":{"rendered":"<p>Andbank est pr\u00e9sent dans 11 pays dans lesquels elle offre des services sp\u00e9cialis\u00e9s dans la gestion de grands patrimoines<\/p>\n","protected":false},"author":13,"featured_media":13224,"parent":1205,"menu_order":5,"comment_status":"closed","ping_status":"closed","template":"template-offices.php","meta":{"_acf_changed":false,"footnotes":""},"yst_prominent_words":[],"class_list":["post-2290","page","type-page","status-publish","has-post-thumbnail","hentry"],"acf":[],"_links":{"self":[{"href":"https:\/\/www.andbank.com\/luxembourg\/wp-json\/wp\/v2\/pages\/2290"}],"collection":[{"href":"https:\/\/www.andbank.com\/luxembourg\/wp-json\/wp\/v2\/pages"}],"about":[{"href":"https:\/\/www.andbank.com\/luxembourg\/wp-json\/wp\/v2\/types\/page"}],"author":[{"embeddable":true,"href":"https:\/\/www.andbank.com\/luxembourg\/wp-json\/wp\/v2\/users\/13"}],"replies":[{"embeddable":true,"href":"https:\/\/www.andbank.com\/luxembourg\/wp-json\/wp\/v2\/comments?post=2290"}],"version-history":[{"count":0,"href":"https:\/\/www.andbank.com\/luxembourg\/wp-json\/wp\/v2\/pages\/2290\/revisions"}],"up":[{"embeddable":true,"href":"https:\/\/www.andbank.com\/luxembourg\/wp-json\/wp\/v2\/pages\/1205"}],"wp:featuredmedia":[{"embeddable":true,"href":"https:\/\/www.andbank.com\/luxembourg\/wp-json\/wp\/v2\/media\/13224"}],"wp:attachment":[{"href":"https:\/\/www.andbank.com\/luxembourg\/wp-json\/wp\/v2\/media?parent=2290"}],"wp:term":[{"taxonomy":"yst_prominent_words","embeddable":true,"href":"https:\/\/www.andbank.com\/luxembourg\/wp-json\/wp\/v2\/yst_prominent_words?post=2290"}],"curies":[{"name":"wp","href":"https:\/\/api.w.org\/{rel}","templated":true}]}}