{"id":2613,"date":"2017-09-18T15:17:51","date_gmt":"2017-09-18T13:17:51","guid":{"rendered":"https:\/\/www.andbank.com\/mnc\/securite-internet\/"},"modified":"2019-05-09T10:55:06","modified_gmt":"2019-05-09T08:55:06","slug":"sicurezza-su-internet","status":"publish","type":"page","link":"https:\/\/www.andbank.com\/monaco\/it\/sicurezza-su-internet\/","title":{"rendered":"Sicurezza su Internet"},"content":{"rendered":"<p>Navigare in tutta sicurezza su Internet \u00e8 possibile, basta prendere qualche piccola precauzione, soprattutto quando si effettuano delle operazioni bancarie on-line o si utilizzano dei servizi bancari a domicilio. Ecco qualche raccomandazione:<\/p>\n<p>Mantenere sempre aggiornato il proprio sistema operativo e i vari programmi che si utilizzano per navigare, come il browser.<\/p>\n<ul>\n<li>\u00c8 fondamentale avere un antivirus e aggiornarlo quotidianamente. Un antivirus, se non aggiornato, perde la sua efficacia nel giro di pochissimo tempo, in quanto non \u00e8 in grado di riconoscere i nuovi virus.<\/li>\n<li>\u00c8 importante che l\u2019antivirus sia configurato correttamente. In caso di dubbi relativi alla configurazione, \u00e8 altamente raccomandabile rivolgersi a dei tecnici specializzati.<\/li>\n<li>\u00c8 importante sottoporre regolarmente tutto il proprio computer a delle scansioni con l\u2019antivirus.<\/li>\n<li>Per \u201cFirewall\u201d si intende un software che impedisce l\u2019accesso al PC dall\u2019esterno senza il vostro permesso e che vi avverte in caso di tentativi di intrusione dall\u2019esterno. Cos\u00ec come l\u2019antivirus, una Firewall non correttamente configurata perde gran parte della sua utilit\u00e0. In caso di dubbi relativi alla configurazione, \u00e8 altamente raccomandabile rivolgersi a dei tecnici specializzati.<\/li>\n<li>L\u2019installazione di un software antispyware costituisce una buona misura di sicurezza ma, anche in questo caso, \u00e8 necessario che sia sempre aggiornato e correttamente configurato. In caso di dubbi relativi alla configurazione, \u00e8 altamente raccomandabile rivolgersi a dei tecnici specializzati.<\/li>\n<\/ul>\n<p>&nbsp;<\/p>\n<h2>Frodi tramite Internet<\/h2>\n<p>Frodi su Internet. Conoscere i tipi pi\u00f9 comuni di frodi \u00e8 utile per evitare brutte sorprese.<\/p>\n<ul>\n<li>Diffidare dalle e-mail che hanno come oggetto degli argomenti strani o che provengono da mittenti sconosciuti.<\/li>\n<li>Diffidare dalle e-mail che richiedono delle informazioni personali, a meno di non essere sicuri di conoscere l\u2019identit\u00e0 del mittente.<\/li>\n<li>Visualizzare un\u2019e-mail tramite l\u2019anteprima equivale ad aprirla. Se possibile, evitare di utilizzare l\u2019Anteprima, poich\u00e9 in tal modo si permette l\u2019esecuzione di eventuali virus.<\/li>\n<li>Se si sospetta di aver ricevuto un e-mail fraudolenta, mettersi in contatto con la propria banca.<\/li>\n<li>La Sua banca non le chieder\u00e0 MAI i suoi dati di accesso, n\u00e9 per e-mail n\u00e9 in alcun altro modo.<\/li>\n<\/ul>\n<p>&nbsp;<\/p>\n<h2>La risposta di Andbank per la sicurezza informatica<\/h2>\n<p>Andbank si avvale delle tecnologie pi\u00f9 avanzate per garantire il pi\u00f9 alto livello possibile di sicurezza e di confidenzialit\u00e0 per proteggere le sue operazioni.<\/p>\n<p>&nbsp;<\/p>\n<h2>Che cos\u2019\u00e8 il phishing e come riconoscerlo?<\/h2>\n<p>Ogni giorno di pi\u00f9, Internet viene utilizzato per acquisire informazioni, effettuare acquisti\u00a0<em>on-line<\/em>, stringere delle relazioni sociali, effettuare delle operazioni bancarie, ecc. E per questo diventa sempre pi\u00f9 difficile immagine delle situazioni in cui, per esempio, una persona non abbia uno smartphone con <em>Whatsapp<\/em>\u00a0per chattare, o un profilo su di un social network o ancora che non utilizzi il motore di ricerca Google per cercare delle informazioni interessanti.<\/p>\n<p>La tecnologia si evolve per renderci la vita pi\u00f9 semplice, ma il suo utilizzo ci espone ad alcuni rischi, come per esempio il <em>phishing<\/em>\u00a0o la sostituzione di servizi Internet da parte di cybercriminali. Sfortunatamente, ci sono delle persone, perlopi\u00f9 delle gang e delle organizzazioni criminali, che possono tentare di truffarla mente naviga in internet coi suoi dispositivi, per mettere in pratica svariate azioni con intenti malevoli.<\/p>\n<p><strong>Che cos\u2019\u00e8 il phishing e a cosa serve?<\/strong><\/p>\n<p>Il phishing consiste in un tentativo di usurpare la sua identit\u00e0: i cybercriminali si fanno passare per un\u2019azienda, un\u2019istituzione o un servizio ben noto e con una buona reputazione per indurla a rivelare i suoi dati personali, per impadronirsi dei suoi dati di accesso e delle sue coordinate bancarie. Tale pratica fraudolenta \u00e8 basata sull\u2019ingegneria sociale ed \u00e8 molto diffusa. In alcuni casi, il phishing viene utilizzato anche per infettare delle periferiche con una specie di malware (programma maligno).<\/p>\n<p><strong>Come pu\u00f2 avvenire un tentativo di phishing?<\/strong><\/p>\n<p>La maggior parte dei casi di phishing avvengono via\u00a0<strong>e-mail<\/strong>\u00a0poich\u00e9 i cybercriminali dispongono di un gran numero di indirizzi di posta elettronica che hanno raccolto con svariati sistemi. Gli \u00e8 quindi relativamente facile utilizzare tale supporto per diffondere i loro attacchi di phishing. Detto ci\u00f2, esistono comunque altri sistemi di propagazione, come:<\/p>\n<ul>\n<li>I\u00a0<strong>social network<\/strong>, tramite la profilazione e le pagine false.<\/li>\n<li>L\u2019invio di messaggi\u00a0<strong>SMS\/MMS<\/strong>\u00a0a numero di telefonia mobile. Questa pratica \u00e8 conosciuta con il nome di\u00a0<em>Smishing<\/em>.<\/li>\n<li>Le\u00a0<strong>chiamate<\/strong>, sia verso numeri fissi che mobili.<\/li>\n<\/ul>\n<p><strong>Quali sono le aziende, le istituzioni e i servizi pi\u00f9 utilizzati nel phishing?<\/strong><\/p>\n<p>Numerosi sono i servizi che sono stati colpiti dal phishing, a partire da\u00a0<strong>istituzioni pubbliche<\/strong>\u00a0come il fisco e le poste, passando per le\u00a0<strong>forze dell\u2019ordine dello Stato<\/strong>\u00a0come la polizia, fino alle\u00a0<strong>aziende private<\/strong>\u00a0come Dropbox, Microsoft, Apple, Iberia&#8230; e ovviamente anche degli istituti bancari come il nostro. Numerosi soggetti hanno scoperto che il loro marchio era stato utilizzato dai cybercriminali per tentare di rubare i codici di accesso per\u00a0l\u2019<em>e-banking<\/em>, oltre ad altri dati bancari (numero di carta di credito, CVV, codici operativi, PIN, ecc) dei clienti.<\/p>\n<p>Essere vittima di una forma di phishing pu\u00f2 causare gravi problemi, principalmente legati alla vita privata, ma essere vittima del phishing bancario \u00e8 ancora peggio, in quanto ci\u00f2 potrebbe causare delle perdite economiche rilevanti.<\/p>\n<p>&nbsp;<\/p>\n<h2>Password sicure<\/h2>\n<p>Le \u201cparole chiave\u201d o\u00a0<em>password<\/em>\u00a0o codici costituiscono un meccanismo di sicurezza che risale all\u2019antichit\u00e0 e ancora oggi \u00e8 uno degli elementi di sicurezza pi\u00f9 comunemente usati su Internet. Una password \u00e8 composta da un numero variabile di caratteri. La qualit\u00e0 o la robustezza di una password dipendono sia dal numero di caratteri che contiene (pi\u00f9 la password \u00e8 lunga, pi\u00f9 \u00e8 sicura) che dal tipo di caratteri: cifre, caratteri speciali ed estesi&#8230; Pi\u00f9 il numero di combinazioni di caratteri \u00e8 grande, pi\u00f9 la password sar\u00e0 robusta.<\/p>\n<p><strong>Su Internet, la password \u00e8 la chiave per accedere a numerosi servizi, quindi per prima cosa \u00e8 necessario impostare password sufficientemente sicure per scongiurare problemi di sicurezza.<\/strong><\/p>\n<p>Inoltre, la password deve sempre essere mantenuta segreta, altrimenti perde la sua ragione d\u2019essere. \u00c8 perfettamente inutile scegliere una password che composta da quattordici caratteri alfanumerici, maiuscole, minuscole e simboli se poi viene annotata su di un Post-it lasciato in bella vista sullo schermo del proprio computer in ufficio.<\/p>\n<p><strong>Caratteristiche di una password sicura<\/strong><\/p>\n<p>Per essere considerata sicura, una password deve avere le seguenti caratteristiche:<\/p>\n<ul>\n<li><strong>Essere segreta.<\/strong>\u00a0La password deve essere mantenuta segreta, se viene condivisa smette di essere sicura.<\/li>\n<li>Una password viene considerata solida se le probabilit\u00e0 che venga scoperta sono minime in quanto il tempo e le risorse necessarie per decifrarla rendono poco redditizio o addirittura impossibile farlo. Le caratteristiche necessarie per poter considerare una password robusta sono:\n<ul>\n<li>Lunghezza minima di dieci caratteri.<\/li>\n<li>Deve contenere sia lettere maiuscole che minuscole, cifre e simboli ce simboli.<\/li>\n<\/ul>\n<\/li>\n<li>Deve essere diversa da quella di default del servizio o del prodotto e inoltre la stessa password non deve venire usata per pi\u00f9 servizi (la password dell\u2019e-mail deve essere diversa da quella della banca, ecc.).<\/li>\n<\/ul>\n<p>&nbsp;<\/p>\n<h2>Consigli per la sicurezza on-line<\/h2>\n<ul>\n<li>Non dare mai a nessuno i propri codici utente, quelli di accesso e la firma elettronica per le transazioni.<\/li>\n<li>Modificare periodicamente i codici di accesso ai servizi di e-banking.<\/li>\n<li>Non scrivere i propri codici di e-banking in internet, n\u00e9 su carta n\u00e9 all\u2019interno di documenti che non siano criptati.<\/li>\n<li>Per accedere ai servizi di e-banking, digitare ogni volta il proprio indirizzo e-mail all\u2019interno del browser.<\/li>\n<li>Verificare sempre la data e l\u2019ora in cui \u00e8 stato effettuato l\u2019ultimo accesso al servizio di e-banking e il numero di accessi mensili.<\/li>\n<li>Evitare di accedere ai servizi di e-banking da computer pubblici.<\/li>\n<li>Aggiornare regolarmente l\u2019antivirus del proprio computer.<\/li>\n<\/ul>\n<p>&nbsp;<\/p>\n<h2>Consigli di sicurezza per la sicurezza del mobile banking<\/h2>\n<ul>\n<li>Modificare periodicamente il codice di sblocco del dispositivo.<\/li>\n<li>Attivare e impostare il blocco automatico del telefono.<\/li>\n<li>Controllare le connessioni Bluetooth o WiFi. Configurarle in modo che venga richiesto l\u2019accesso ogni volta che ci si connette.<\/li>\n<li>Assicurarsi che i messaggi e le applicazioni scaricate provengano da fonti note.<\/li>\n<li>Installare un antivirus sul proprio dispositivo mobile. Selezionare l\u2019antivirus pi\u00f9 adatto alle proprie esigenze e all\u2019utilizzo che se ne intende fare.<\/li>\n<li>Salvare regolarmente delle copie di sicurezza.<\/li>\n<li>In caso di perdita o di furto del proprio dispositivo mobile, contattare immediatamente l\u2019operatore telefonico per richiederne il blocco.<\/li>\n<\/ul>\n<p>&nbsp;<\/p>\n<h2>Sicurezza delle carte<\/h2>\n<p>Ad Andbank ci prendiamo cura delle sicurezza delle carte dei nostri clienti, per garantire loro sonni tranquilli. Siamo la banca pioniera ad Andorra per quanto riguarda la sicurezza delle carte:<\/p>\n<ol>\n<li><strong>Tutte le carte emesse sono dotate della tecnologia EMV (chip).<\/strong><\/li>\n<li><strong>Controllo delle operazioni per rilevare eventuali operazioni fraudolente.<\/strong><\/li>\n<li><strong>Sistema di protezione contro le frodi ogni volta che si inserisce la carta in un bancomat Andbank.<\/strong><\/li>\n<\/ol>\n<p>Ogni volta che viene inserita la carta in un bancomat di Andbank, una procedura esclusiva lo protegge contro eventuali tentativi di clonazione. Per tale motivo, suggeriamo ai nostri clienti di passare regolarmente per uno dei bancomat di Andbank, soprattutto per le operazioni al di fuori del Principato di Andorra.<\/p>\n","protected":false},"excerpt":{"rendered":"<p>Navigare in tutta sicurezza su Internet \u00e8 possibile, basta prendere qualche piccola precauzione, soprattutto quando si effettuano delle operazioni bancarie on-line o si utilizzano dei servizi bancari a domicilio. Ecco qualche raccomandazione: Mantenere sempre aggiornato il proprio sistema operativo e i vari programmi che si utilizzano per navigare, come il browser. \u00c8 fondamentale avere un [&hellip;]<\/p>\n","protected":false},"author":1,"featured_media":957,"parent":0,"menu_order":98,"comment_status":"closed","ping_status":"closed","template":"","meta":{"_acf_changed":false,"footnotes":""},"yst_prominent_words":[1557,1553,1546,437,1555,1547,1542,1558,1554,1549,1556,1548,1552,1422,1544,1545,1541,1543,1551,1550],"class_list":["post-2613","page","type-page","status-publish","has-post-thumbnail","hentry"],"acf":[],"_links":{"self":[{"href":"https:\/\/www.andbank.com\/monaco\/it\/wp-json\/wp\/v2\/pages\/2613"}],"collection":[{"href":"https:\/\/www.andbank.com\/monaco\/it\/wp-json\/wp\/v2\/pages"}],"about":[{"href":"https:\/\/www.andbank.com\/monaco\/it\/wp-json\/wp\/v2\/types\/page"}],"author":[{"embeddable":true,"href":"https:\/\/www.andbank.com\/monaco\/it\/wp-json\/wp\/v2\/users\/1"}],"replies":[{"embeddable":true,"href":"https:\/\/www.andbank.com\/monaco\/it\/wp-json\/wp\/v2\/comments?post=2613"}],"version-history":[{"count":0,"href":"https:\/\/www.andbank.com\/monaco\/it\/wp-json\/wp\/v2\/pages\/2613\/revisions"}],"wp:featuredmedia":[{"embeddable":true,"href":"https:\/\/www.andbank.com\/monaco\/it\/wp-json\/wp\/v2\/media\/957"}],"wp:attachment":[{"href":"https:\/\/www.andbank.com\/monaco\/it\/wp-json\/wp\/v2\/media?parent=2613"}],"wp:term":[{"taxonomy":"yst_prominent_words","embeddable":true,"href":"https:\/\/www.andbank.com\/monaco\/it\/wp-json\/wp\/v2\/yst_prominent_words?post=2613"}],"curies":[{"name":"wp","href":"https:\/\/api.w.org\/{rel}","templated":true}]}}