{"id":2623,"date":"2017-04-19T10:22:16","date_gmt":"2017-04-19T08:22:16","guid":{"rendered":"https:\/\/www.andbank.com\/mnc\/informations-legales\/mentions-legales\/"},"modified":"2018-07-04T11:16:35","modified_gmt":"2018-07-04T09:16:35","slug":"note-legali","status":"publish","type":"page","link":"https:\/\/www.andbank.com\/monaco\/it\/quadro-legislativo\/note-legali\/","title":{"rendered":"Note legali"},"content":{"rendered":"<p>Per brevit\u00e0, nei prossimi paragrafi (\u00abNote legali\u00bb e \u00abProtezione dei dati\u00bb), il Gruppo AndBank, la sua casa-madre e le sue filiali verranno chiamate, da qui in avanti, \u00abil Gruppo\u00bb, Andbank Monaco SAM verr\u00e0 chiamato \u00abla Banca\u00bb, il presente sito internet verr\u00e0 chiamato \u00abil Sito\u00bb, mentre qualsiasi persona che vi accedere sar\u00e0 \u00abl\u2019Utente\u00bb e i clienti della Banca \u00abil Cliente\u00bb. <\/p>\n<h2>NOTE LEGALI<\/h2>\n<p>Le informazioni riportate sul sito hanno come obiettivo quello di fare conoscere agli Utenti il Gruppo, la Banca e i loro prodotti e servizi, e di stabilire dei canali di informazione e comunicazione diretta con il pubblico in generale e con i clienti in particolare via elettronica.<\/p>\n<p>L\u2019Utente dichiara, proseguendo nella navigazione, di aver preso conoscenza delle condizioni di accesso e di utilizzo del Sito, cos\u00ec come delle presenti disposizioni, e si impegna espressamente ad accettarle.<\/p>\n<p>Il Sito, normalmente, \u00e8 sempre accessibile, salvo per cause di forza maggiore, interventi di terzi, lavori di manutenzione e interventi di qualsiasi altro tipo necessari al suo buon funzionamento. In caso di interventi di manutenzione del Sito, l\u2019eventuale interruzione di accesso o di funzionamento potr\u00e0 venire comunicata per mezzo di un avviso affisso nell\u2019Home Page del Sito o tramite qualsiasi altro mezzo. Eventuali impossibilit\u00e0 o difficolt\u00e0 ad accedere al Sito, interruzioni o perturbazioni nel funzionamento del Sito, per qualsiasi motivo, non potranno in alcun caso essere considerati di responsabilit\u00e0 del Gruppo o della Banca, n\u00e9 dare diritto a degli indennizzi.<\/p>\n<p>Dal momento che l\u2019utilizzo di internet non garantisce la riservatezza e l\u2019integrit\u00e0 delle informazioni trasmesse, ricordiamo all\u2019Utente di dover adottare tutte le misure necessarie alla protezione dei propri messaggi, dati e\/o dispositivi. Invitiamo l\u2019Utente a consultare, a tal proposito, la sezione del Sito relativo alla \u00abSicurezza su Internet\u00bb.<\/p>\n<p>Inoltre, l\u2019Utente si impegna a rispettare l\u2019integrit\u00e0 del Sito. \u00c8 vietato ostacolarne il funzionamento, modificarne o sopprimerne tutto il contenuto o una parte di esso, e di introdurvi dei dati in maniera non autorizzata. <\/p>\n<p>Andbank si riserva il diritto di modificare, sospendere, annullare o limitare l\u2019accesso dei contenuti o dei link presenti sul sito. Ogni volta che l\u2019Utente accede al Sito, si intende come un\u2019accettazione da parte sua delle note legali in vigore al momento della connessione.<\/p>\n<p>Nonostante ponga la massima cura nella selezione delle fonti, il Gruppo non pu\u00f2 garantire che le informazioni, i testi, gli elementi grafici, i link o il contenuto dei documenti che figurano sul suo Sito siano esatti, completi o del tutto aggiornati. Il Gruppo non si assume alcuna responsabilit\u00e0 sui contenuti e sui servizi, commerciali o di qualsiasi altra natura, di altri siti che potrebbero essere direttamente o indirettamente collegati tramite link al Sito. Il Gruppo non potr\u00e0 quindi essere ritenuto responsabile per quanto riguarda le informazioni, le opinioni e le raccomandazioni formulate da tali terzi. In generale, l\u2019accesso al Sito e l\u2019utilizzo delle informazioni in esso contenute sono di responsabilit\u00e0 esclusiva dell\u2019Utente e il Gruppo declina espressamente ogni responsabilit\u00e0 per quanto riguarda l\u2019utilizzo che pu\u00f2 venirne fatto e le relative conseguenze.<\/p>\n<p>In nessun caso, le informazioni contenute nel Sito, a prescindere dalla loro forma e natura, non possono essere interpretate come una raccomandazione, un consiglio, una vendita, un\u2019offerta di un servizio o di un prodotto n\u00e9 un contratto, e pertanto il Gruppo non potr\u00e0 essere in nessun caso ritenuto responsabile delle conseguenze e dei danni di varia natura che potrebbero derivare dall\u2019utilizzo e dalla consultazione del Sito. Nello specifico, nessuna delle informazioni contenute nel Sito deve venire interpretata come un consiglio o una raccomandazione di investimento, o di natura giuridica, fiscale o altro. In generale, le informazioni contenute nel Sito sono fornite a titolo meramente indicativo e sono di natura non contrattuale.  <\/p>\n<p>Il Gruppo declina qualsiasi responsabilit\u00e0 per l\u2019accesso al Sito da parte di persone ubicate in zone geografiche le cui giurisdizioni, per qualche motivo, vietano la pubblicazione o l\u2019accesso al Sito. Se necessario, il Gruppo potr\u00e0 limitarne o bloccarne l\u2019accesso. In effetti, \u00e8 possibile che i servizi e i prodotti menzionati sul Sito non siano autorizzati per i residenti o i cittadini di alcuni Paesi o per certe categorie di investitori. I servizi e i prodotti presentati sul Sito sono destinati a essere proposti e utilizzati nel rispetto della normativa applicabile. In particolare, \u00e8 possibile che i prodotti e i servizi siano riservati unicamente ad alcuni clienti o possano essere oggetto di limitazioni nei confronti di alcune persone o in alcuni Paesi. In ogni caso, invitiamo l\u2019Utente ad assicurarsi di essere autorizzato, dal punto di vista legale, a sottoscrivere i servizi e i prodotti menzionati sul Sito. Nello specifico, il Sito non costituisce n\u00e9 un\u2019offerta n\u00e9 una richiesta di servizi o di prodotti verso gli Stati Uniti d\u2019America, il Canada o, ancora, destinati ai cittadini statunitensi o canadesi, residenti o all\u2019estero, o di qualsiasi altro Paese dove il loro contenuto costituirebbe una violazione delle leggi e delle norme applicabili. Le persone originarie di tali Paesi devono astenersi dalla consultazione del Sito.<\/p>\n<p>La documentazione (sotto qualsiasi forma) e la concezione grafica del Sito sono di propriet\u00e0 del Gruppo e della Banca, o dei loro partner. La riproduzione, la copia, la distribuzione e qualsiasi altro utilizzo dei contenuti e della forma, del tutto o in parte, sono pertanto vietati senza l\u2019autorizzazione espressa del Gruppo. La mancata osservanza di tale divieto costituisce una contraffazione che pu\u00f2 avere conseguenze civili e penali per il contraffattore, in quanto il Gruppo si riserva, se necessario, il diritto di intraprendere qualsiasi azione giudiziaria o extra giudiziaria appropriata a tal proposito.<\/p>\n<p>\u00c8 assolutamente vietato utilizzare o riprodurre nomi, marchi e loghi del Gruppo, a qualsiasi titolo e fine, e in particolare per fini pubblicitari, senza la previa autorizzazione scritta del Gruppo. <\/p>\n<p>Qualsiasi link verso il Sito deve essere oggetto di un&#8217;autorizzazione previa ed espressa del Gruppo o della Banca. <\/p>\n<p>Il Sito \u00e8 consultabile in pi\u00f9 lingue. In caso di difformit\u00e0 o di contraddizione circa il suo contenuto o di dispute legali, far\u00e0 fede la sola versione francese.<\/p>\n<p>Il Sito e il suo utilizzo sono soggetti alla legge e alle normative monegasche. I tribunali del Principato di Monaco saranno i soli competenti in caso di dispute legali.<\/p>\n<h2>PROTEZIONE DEI DATI PERSONALI<\/h2>\n<p>In ottemperanza alla legislazione monegasca relativa alla protezione delle informazioni nominative, il Cliente \u00e8 informato che la Banca \u00e8 tenuta a raccogliere, trattare e a conservare le informazioni personali che lo riguardano.<br \/>\nIl Cliente acconsente espressamente alla raccolta e al trattamento di tali informazioni, in maniera informatizzata e non.<\/p>\n<p>Tali informazioni non verranno utilizzate, e non saranno oggetto di comunicazioni con terzi, sia nel Principato che all\u2019estero, salvo che:<\/p>\n<ul>\n<li>per le necessit\u00e0 legate all\u2019esecuzione della relazione contrattuale che unisce il Cliente alla Banca, soprattuto per la gestione e il mantenimento dei conti del Cliente, e del trattamento dei mezzi di pagamento,<\/li>\n<li>per l\u2019adempimento degli obblighi di legge e normativi di competenza della Banca, in primis quelli relativi alla lotta al riciclaggio di capitali, il finanziamento del terrorismo e la corruzione derivanti dalla legislazione monegasca, o ancora <\/li>\n<li>per i servizi che la Banca subappalta, all\u2019interno del Gruppo o servendosi di terze parti.<\/li>\n<\/ul>\n<p>In ogni caso, la Banca dispiega tutti i mezzi necessari per assicurare la sicurezza di tali informazioni.<\/p>\n<p>Il Cliente pu\u00f2 farsi comunicare la lista dei trattamenti effettuati dalla Banca, la loro finalit\u00e0 e la durata di conservazione delle informazioni trattate. Egli dispone inoltre del diritto di accesso alle informazioni nominative che lo riguardano e pu\u00f2 richiedere che le informazioni inesatte, incomplete o non aggiornate vengano modificate o eliminate. Egli pu\u00f2 anche opporsi, dovendo per\u00f2 addurre un motivo legittimo, al trattamento delle informazioni nominative che lo riguardano Tuttavia, un simile tipo di opposizione potrebbe rendere impossibile alla Banca fornire in tutto o in parte i servizi sottoscritti, o persino mantenere il conto del Cliente. Infine, il Cliente pu\u00f2 opporsi, in questo caso senza dover giustificare la propria decisione, all\u2019utilizzo delle informazioni nominative che lo riguardano per fini di marketing e soprattutto commerciali.<\/p>\n<p>I diritti di cui sopra possono essere esercitati inviando una richiesta iscritta, indirizzata al Servizio di Conformit\u00e0 della Banca. Verr\u00e0 data una risposta al Cliente entro 30 giorni.<\/p>\n<p>Gli stessi principi sono applicabili ai dati personali che l\u2019Utente potrebbe comunicare alla Banca, di cui potrebbe lasciare traccia, o che la Banca \u00e8 tenuta a raccogliere, al momento della connessione o della consultazione del Sito da parte dell\u2019Utente.<\/p>\n<p>Nel caso in cui l\u2019Utente non desideri che i suoi dati personali vengano trasferiti a terzi o verso dei Paesi esteri, questi si deve astenere dall\u2019utilizzare i servizi del Sito che richiedono la comunicazione di dati personali, oppure astenersi del tutto dal connettersi al Sito.<\/p>\n<p>Si informa l\u2019Utente che il Sito \u00e8 ospitato presso la casa-madre del Gruppo, situata nel Principato di Andorra, Paese che dispone di un livello di protezione adeguato dei dati personali, come previsto dall\u2019Unione Europea.<\/p>\n","protected":false},"excerpt":{"rendered":"<p>Per brevit\u00e0, nei prossimi paragrafi (\u00abNote legali\u00bb e \u00abProtezione dei dati\u00bb), il Gruppo AndBank, la sua casa-madre e le sue filiali verranno chiamate, da qui in avanti, \u00abil Gruppo\u00bb, Andbank Monaco SAM verr\u00e0 chiamato \u00abla Banca\u00bb, il presente sito internet verr\u00e0 chiamato \u00abil Sito\u00bb, mentre qualsiasi persona che vi accedere sar\u00e0 \u00abl\u2019Utente\u00bb e i clienti [&hellip;]<\/p>\n","protected":false},"author":1,"featured_media":957,"parent":2596,"menu_order":49,"comment_status":"closed","ping_status":"closed","template":"template-info-detail.php","meta":{"_acf_changed":false,"footnotes":""},"yst_prominent_words":[1708,1422],"class_list":["post-2623","page","type-page","status-publish","has-post-thumbnail","hentry"],"acf":[],"_links":{"self":[{"href":"https:\/\/www.andbank.com\/monaco\/it\/wp-json\/wp\/v2\/pages\/2623"}],"collection":[{"href":"https:\/\/www.andbank.com\/monaco\/it\/wp-json\/wp\/v2\/pages"}],"about":[{"href":"https:\/\/www.andbank.com\/monaco\/it\/wp-json\/wp\/v2\/types\/page"}],"author":[{"embeddable":true,"href":"https:\/\/www.andbank.com\/monaco\/it\/wp-json\/wp\/v2\/users\/1"}],"replies":[{"embeddable":true,"href":"https:\/\/www.andbank.com\/monaco\/it\/wp-json\/wp\/v2\/comments?post=2623"}],"version-history":[{"count":0,"href":"https:\/\/www.andbank.com\/monaco\/it\/wp-json\/wp\/v2\/pages\/2623\/revisions"}],"up":[{"embeddable":true,"href":"https:\/\/www.andbank.com\/monaco\/it\/wp-json\/wp\/v2\/pages\/2596"}],"wp:featuredmedia":[{"embeddable":true,"href":"https:\/\/www.andbank.com\/monaco\/it\/wp-json\/wp\/v2\/media\/957"}],"wp:attachment":[{"href":"https:\/\/www.andbank.com\/monaco\/it\/wp-json\/wp\/v2\/media?parent=2623"}],"wp:term":[{"taxonomy":"yst_prominent_words","embeddable":true,"href":"https:\/\/www.andbank.com\/monaco\/it\/wp-json\/wp\/v2\/yst_prominent_words?post=2623"}],"curies":[{"name":"wp","href":"https:\/\/api.w.org\/{rel}","templated":true}]}}