{"id":1415,"date":"2017-04-05T18:56:19","date_gmt":"2017-04-05T16:56:19","guid":{"rendered":"https:\/\/www.andbank.com\/mcco\/sobre-nosotros\/"},"modified":"2018-05-21T18:21:01","modified_gmt":"2018-05-21T16:21:01","slug":"qui-sommes-nous","status":"publish","type":"page","link":"https:\/\/www.andbank.com\/monaco\/qui-sommes-nous\/","title":{"rendered":"Qui sommes-nous?"},"content":{"rendered":"","protected":false},"excerpt":{"rendered":"<p>D\u00e9couvrez le Groupe Andbank, son \u00e9quipe, sa philosophie et toutes les derni\u00e8res nouvelles concernant l&rsquo;entit\u00e9.<\/p>\n","protected":false},"author":1,"featured_media":2455,"parent":0,"menu_order":83,"comment_status":"closed","ping_status":"closed","template":"template-distributor.php","meta":{"_acf_changed":false,"footnotes":""},"yst_prominent_words":[],"class_list":["post-1415","page","type-page","status-publish","has-post-thumbnail","hentry"],"acf":[],"_links":{"self":[{"href":"https:\/\/www.andbank.com\/monaco\/wp-json\/wp\/v2\/pages\/1415"}],"collection":[{"href":"https:\/\/www.andbank.com\/monaco\/wp-json\/wp\/v2\/pages"}],"about":[{"href":"https:\/\/www.andbank.com\/monaco\/wp-json\/wp\/v2\/types\/page"}],"author":[{"embeddable":true,"href":"https:\/\/www.andbank.com\/monaco\/wp-json\/wp\/v2\/users\/1"}],"replies":[{"embeddable":true,"href":"https:\/\/www.andbank.com\/monaco\/wp-json\/wp\/v2\/comments?post=1415"}],"version-history":[{"count":0,"href":"https:\/\/www.andbank.com\/monaco\/wp-json\/wp\/v2\/pages\/1415\/revisions"}],"wp:featuredmedia":[{"embeddable":true,"href":"https:\/\/www.andbank.com\/monaco\/wp-json\/wp\/v2\/media\/2455"}],"wp:attachment":[{"href":"https:\/\/www.andbank.com\/monaco\/wp-json\/wp\/v2\/media?parent=1415"}],"wp:term":[{"taxonomy":"yst_prominent_words","embeddable":true,"href":"https:\/\/www.andbank.com\/monaco\/wp-json\/wp\/v2\/yst_prominent_words?post=1415"}],"curies":[{"name":"wp","href":"https:\/\/api.w.org\/{rel}","templated":true}]}}