{"id":1853,"date":"2017-04-05T12:14:05","date_gmt":"2017-04-05T10:14:05","guid":{"rendered":"https:\/\/www.andbank.com\/mcco\/banque-privee\/nuestros-servicios\/asesoramiento-global\/"},"modified":"2021-02-16T12:22:15","modified_gmt":"2021-02-16T10:22:15","slug":"approche-globale","status":"publish","type":"page","link":"https:\/\/www.andbank.com\/monaco\/banque-privee\/nos-services\/approche-globale\/","title":{"rendered":"Approche Globale"},"content":{"rendered":"<p>Leurs comp\u00e9tences d\u2019analyse sont mises \u00e0 la disposition des clients tant pour participer activement \u00e0 la gestion de leurs avoirs financiers qu\u2019\u00e0 l\u2019organisation de leur patrimoine dans sa globalit\u00e9. Nos clients peuvent ainsi acc\u00e9der librement \u00e0 l\u2019opinion de nos \u00e9quipes d\u2019analystes financiers, aux reportings qu\u2019ils r\u00e9digent, \u00e0 la consultation des informations de march\u00e9s ou encore \u00e0 leurs bulletins d\u2019analyse sur les valeurs financi\u00e8res. Au sein du Groupe Andbank, nous disposons \u00e9galement des ressources n\u00e9cessaires pour accompagner nos clients dans leurs diff\u00e9rents projets personnels, qu\u2019ils soient d\u2019ordre \u00e9conomique, financier, patrimonial, successoral, social ou artistique.<\/p>\n<h2><\/h2>\n<h2>La philanthropie en particulier<\/h2>\n<p>Au sein du Groupe Andbank, des collaborateurs d\u00e9vou\u00e9s accompagnent les clients ayant de grandes responsabilit\u00e9s sociales, qui souhaitent diversifier leurs investissements dans des projets ou des actions de solidarit\u00e9, en cr\u00e9ant, par leur engagement, un impact durable dans la Soci\u00e9t\u00e9.<\/p>\n<p><strong>Une \u00e9quipe de sp\u00e9cialistes vous conseillera afin de vous accompagner dans le projet auquel vous vous identifiez le plus d\u2019un point de vue personnel\u00a0:<\/strong><\/p>\n<ol>\n<li>Cr\u00e9ation et gestion strat\u00e9gique de Fondations<\/li>\n<li>Planification des donations<\/li>\n<li>Gestion op\u00e9rationnelle de v\u00e9hicules philanthropiques<\/li>\n<li>Gestion des dotations financi\u00e8res<\/li>\n<\/ol>\n","protected":false},"excerpt":{"rendered":"<p>Andbank dispose d\u2019une \u00e9quipe de conseillers financiers avec une vision globale, pr\u00e9sents sur trois continents et poss\u00e9dant une vaste exp\u00e9rience sur le march\u00e9.<\/p>\n","protected":false},"author":1,"featured_media":1540,"parent":1851,"menu_order":65,"comment_status":"closed","ping_status":"closed","template":"template-detail.php","meta":{"_acf_changed":false,"footnotes":""},"yst_prominent_words":[1733,435,50,476,1764,474,48,497,288,55,475,1770,480,478],"class_list":["post-1853","page","type-page","status-publish","has-post-thumbnail","hentry"],"acf":[],"_links":{"self":[{"href":"https:\/\/www.andbank.com\/monaco\/wp-json\/wp\/v2\/pages\/1853"}],"collection":[{"href":"https:\/\/www.andbank.com\/monaco\/wp-json\/wp\/v2\/pages"}],"about":[{"href":"https:\/\/www.andbank.com\/monaco\/wp-json\/wp\/v2\/types\/page"}],"author":[{"embeddable":true,"href":"https:\/\/www.andbank.com\/monaco\/wp-json\/wp\/v2\/users\/1"}],"replies":[{"embeddable":true,"href":"https:\/\/www.andbank.com\/monaco\/wp-json\/wp\/v2\/comments?post=1853"}],"version-history":[{"count":0,"href":"https:\/\/www.andbank.com\/monaco\/wp-json\/wp\/v2\/pages\/1853\/revisions"}],"up":[{"embeddable":true,"href":"https:\/\/www.andbank.com\/monaco\/wp-json\/wp\/v2\/pages\/1851"}],"wp:featuredmedia":[{"embeddable":true,"href":"https:\/\/www.andbank.com\/monaco\/wp-json\/wp\/v2\/media\/1540"}],"wp:attachment":[{"href":"https:\/\/www.andbank.com\/monaco\/wp-json\/wp\/v2\/media?parent=1853"}],"wp:term":[{"taxonomy":"yst_prominent_words","embeddable":true,"href":"https:\/\/www.andbank.com\/monaco\/wp-json\/wp\/v2\/yst_prominent_words?post=1853"}],"curies":[{"name":"wp","href":"https:\/\/api.w.org\/{rel}","templated":true}]}}