{"id":1855,"date":"2017-04-11T13:01:52","date_gmt":"2017-04-11T11:01:52","guid":{"rendered":"https:\/\/www.andbank.com\/mcco\/banque-privee\/nuestros-servicios\/209-2\/"},"modified":"2021-02-16T12:23:23","modified_gmt":"2021-02-16T10:23:23","slug":"instruments-placement","status":"publish","type":"page","link":"https:\/\/www.andbank.com\/monaco\/banque-privee\/nos-services\/instruments-placement\/","title":{"rendered":"Instruments de Placement"},"content":{"rendered":"<p>Chez Andbank, nous proposons \u00e0 nos clients des instruments de placement diversifi\u00e9s, selon un mod\u00e8le d\u2019architecture ouverte et qui r\u00e9pond ainsi \u00e0 leurs besoins. Le conseil impartial et objectif constitue un \u00e9l\u00e9ment fondamental de notre offre de services. Nous d\u00e9livrons nos recommandations en toute ind\u00e9pendance, sans conflit d\u2019int\u00e9r\u00eats, pour r\u00e9pondre au mieux aux besoins, attentes et organisations de nos clients. Notre objectif est d\u2019offrir \u00e0 nos clients un service global, international et r\u00e9actif.<\/p>\n<h2>Fonds de placement<\/h2>\n<p>Le Groupe Andbank dispose d\u2019\u00e9quipes sp\u00e9cialis\u00e9es, en charge de s\u00e9lectionner les meilleurs fonds au niveau mondial. Nous proposons un large \u00e9ventail de fonds de placement : des fonds maison, g\u00e9r\u00e9s par Andbank Asset Management, mais \u00e9galement des fonds de tiers issus des soci\u00e9t\u00e9s de gestion les plus importantes et les plus r\u00e9put\u00e9es.<\/p>\n<p><a href=\"https:\/\/www.andbank.com\/fr\/gestion-dactifs\/\">D\u00e9couvrez ici nos fonds<\/a><\/p>\n<h2>Sicav<\/h2>\n<p>Andbank g\u00e8re plus de 70 Sicav qui permettent \u00e0 nos clients d\u2019investir dans des actifs financiers diversifi\u00e9s.<\/p>\n<p><a href=\"https:\/\/www.andbank.com\/fr\/gestion-dactifs\/\">D\u00e9couvrez ici nos sicavs\u00a0<\/a><\/p>\n<h2>Co-investissement dans des op\u00e9rations exclusives<\/h2>\n<p>Le Groupe Andbank ouvre \u00e0 ses clients la possibilit\u00e9 de co-investir dans des op\u00e9rations exclusives. Les investisseurs concern\u00e9s profitent ainsi des b\u00e9n\u00e9fices de la mutualisation des risques et de la mise en commun des ressources afin d\u2019acc\u00e9der \u00e0 des projets d\u2019investissement cons\u00e9quents. Nous rassemblons des investisseurs provenant de milieux divers\u00a0: particuliers, professionnels, entreprises familiales ou soci\u00e9t\u00e9s financi\u00e8res priv\u00e9es.<\/p>\n","protected":false},"excerpt":{"rendered":"<p>Nous sommes une banque familiale, ce qui nous conf\u00e8re un avantage concurrentiel cl\u00e9 qui prouve que nous partageons les m\u00eames int\u00e9r\u00eats que nos clients.<\/p>\n","protected":false},"author":1,"featured_media":3513,"parent":1851,"menu_order":85,"comment_status":"closed","ping_status":"closed","template":"template-detail.php","meta":{"_acf_changed":false,"footnotes":""},"yst_prominent_words":[435,50,503,502,500,508,515,507,501,22,511,504,288,23,520,519,493,514,193,513],"class_list":["post-1855","page","type-page","status-publish","has-post-thumbnail","hentry"],"acf":[],"_links":{"self":[{"href":"https:\/\/www.andbank.com\/monaco\/wp-json\/wp\/v2\/pages\/1855"}],"collection":[{"href":"https:\/\/www.andbank.com\/monaco\/wp-json\/wp\/v2\/pages"}],"about":[{"href":"https:\/\/www.andbank.com\/monaco\/wp-json\/wp\/v2\/types\/page"}],"author":[{"embeddable":true,"href":"https:\/\/www.andbank.com\/monaco\/wp-json\/wp\/v2\/users\/1"}],"replies":[{"embeddable":true,"href":"https:\/\/www.andbank.com\/monaco\/wp-json\/wp\/v2\/comments?post=1855"}],"version-history":[{"count":0,"href":"https:\/\/www.andbank.com\/monaco\/wp-json\/wp\/v2\/pages\/1855\/revisions"}],"up":[{"embeddable":true,"href":"https:\/\/www.andbank.com\/monaco\/wp-json\/wp\/v2\/pages\/1851"}],"wp:featuredmedia":[{"embeddable":true,"href":"https:\/\/www.andbank.com\/monaco\/wp-json\/wp\/v2\/media\/3513"}],"wp:attachment":[{"href":"https:\/\/www.andbank.com\/monaco\/wp-json\/wp\/v2\/media?parent=1855"}],"wp:term":[{"taxonomy":"yst_prominent_words","embeddable":true,"href":"https:\/\/www.andbank.com\/monaco\/wp-json\/wp\/v2\/yst_prominent_words?post=1855"}],"curies":[{"name":"wp","href":"https:\/\/api.w.org\/{rel}","templated":true}]}}