{"id":1877,"date":"2017-04-18T18:42:59","date_gmt":"2017-04-18T16:42:59","guid":{"rendered":"https:\/\/www.andbank.com\/mcco\/qui-sommes-nous\/estructura-de-gobierno\/"},"modified":"2024-12-02T00:13:17","modified_gmt":"2024-12-01T22:13:17","slug":"structure-de-gouvernance","status":"publish","type":"page","link":"https:\/\/www.andbank.com\/monaco\/qui-sommes-nous\/structure-de-gouvernance\/","title":{"rendered":"Structure de Gouvernance"},"content":{"rendered":"<h2>Pr\u00e9sidence<\/h2>\n<table style=\"max-width: 1000px; width: 95%; cellpadding: 20px\">\n<tbody>\n<tr>\n<td>\n        <img loading=\"lazy\" decoding=\"async\"\n          class=\"wp-image-956 alignleft\"\n          src=\"https:\/\/www.andbank.com\/wp-content\/uploads\/2017\/04\/Manuel-Cerqueda-Donadeu.png\"\n          alt=\"\"\n          width=\"150\"\n          height=\"150\"\n        \/>\n      <\/td>\n<td><\/td>\n<td style=\"width: 30%\">\n        <strong>Manel Cerqueda Donadeu<\/strong><br \/>\n        Pr\u00e9sident<br \/>\n        <a\n          href=\"https:\/\/www.andbank.com\/wp-content\/uploads\/sites\/10\/2017\/09\/FR-CV-MANEL-CERQUEDA-WEB.pdf\"\n          target=\"_blank\"\n          rel=\"noopener noreferrer\"\n          >Curriculum Vitae<\/a\n        >\n      <\/td>\n<td><\/td>\n<td>\n        <img loading=\"lazy\" decoding=\"async\"\n          class=\"wp-image-17324 alignleft\"\n          src=\"https:\/\/www.andbank.com\/wp-content\/uploads\/2024\/11\/s_pallerola.png\"\n          alt=\"Sergi Pallerola Gene\"\n          width=\"150\"\n          height=\"150\"\n        \/>\n      <\/td>\n<td><\/td>\n<td style=\"width: 30%\">\n        <strong>Sergi Pallerola Gene<\/strong><br \/>\n        Vice-pr\u00e9sident<br \/>\n        <a\n          href=\"https:\/\/www.andbank.com\/wp-content\/uploads\/2017\/04\/Sergi-Pallerola-Gene.pdf\"\n          target=\"_blank\"\n          rel=\"noopener noreferrer\"\n          >Curriculum Vitae<\/a\n        >\n      <\/td>\n<\/tr>\n<\/tbody>\n<\/table>\n<p>&nbsp;<\/p>\n<h2>Conseil d&rsquo;administration<\/h2>\n<table style=\"max-width: 1000px; width: 95%\">\n<tbody>\n<tr>\n<td>\n        <img loading=\"lazy\" decoding=\"async\"\n          class=\"wp-image-3206 alignleft\"\n          src=\"https:\/\/www.andbank.com\/wp-content\/uploads\/2019\/11\/carmen_arrequeta.png\"\n          alt=\"\"\n          width=\"153\"\n          height=\"153\"\n        \/>\n      <\/td>\n<td><\/td>\n<td style=\"width: 30%\">\n        <strong>Carmen Aquerreta Ferraz<\/strong><br \/>\n        Conseiller<br \/>\n        <a\n          href=\"https:\/\/www.andbank.com\/wp-content\/uploads\/2019\/11\/cv_carmen_aquerreta_fr.pdf\"\n          target=\"_blank\"\n          rel=\"noopener noreferrer\"\n          >Curriculum Vitae<\/a\n        >\n      <\/td>\n<td>\n        <img loading=\"lazy\" decoding=\"async\"\n          class=\"wp-image-955 alignleft\"\n          src=\"https:\/\/www.andbank.com\/wp-content\/uploads\/2017\/04\/Manuel-Cerqueda-Diez.png\"\n          alt=\"\"\n          width=\"150\"\n          height=\"150\"\n        \/>\n      <\/td>\n<td><\/td>\n<td style=\"width: 30%\">\n        <strong>Manel Cerqueda Diez<\/strong><br \/>\n        Conseiller<br \/>\n        <a\n          href=\"https:\/\/www.andbank.com\/wp-content\/uploads\/2017\/04\/CV-MANEL-CERQUEDA-DIEZ-WEB-OK-FRA.pdf\"\n          target=\"_blank\"\n          rel=\"noopener noreferrer\"\n          >Curriculum Vitae<\/a\n        >\n      <\/td>\n<\/tr>\n<tr>\n<td>\n        <img loading=\"lazy\" decoding=\"async\"\n          class=\"wp-image-17324 alignleft\"\n          src=\"https:\/\/www.andbank.com\/wp-content\/uploads\/2023\/11\/MCRibas.png\"\n          alt=\"Maria Creus Ribas\"\n          width=\"150\"\n          height=\"150\"\n        \/>\n      <\/td>\n<td><\/td>\n<td style=\"width: 30%\">\n        <strong>Maria Creus Ribas<\/strong><br \/>\n        Conseiller<br \/>\n        <a\n          href=\"https:\/\/www.andbank.com\/wp-content\/uploads\/2023\/11\/CV-MARIA-CREUS-RIBAS-FR.pdf\"\n          target=\"_blank\"\n          rel=\"noopener noreferrer\"\n          >Curriculum Vitae<\/a\n        >\n      <\/td>\n<td>\n        <img loading=\"lazy\" decoding=\"async\"\n          class=\"wp-image-955 alignleft\"\n          src=\"https:\/\/www.andbank.com\/wp-content\/uploads\/2018\/10\/gomez_acebo.png\"\n          alt=\"\"\n          width=\"150\"\n          height=\"150\"\n        \/>\n      <\/td>\n<td><\/td>\n<td style=\"width: 30%\">\n        <strong>Javier G\u00f3mez Acebo Saenz De Heredia<\/strong><br \/>\n        Conseiller<br \/>\n        <a\n          href=\"https:\/\/www.andbank.com\/wp-content\/uploads\/2018\/10\/CV_GOMEZ-ACEBO_FR.pdf\"\n          target=\"_blank\"\n          rel=\"noopener noreferrer\"\n          >Curriculum Vitae<\/a\n        >\n      <\/td>\n<\/tr>\n<tr>\n<td>\n        <img loading=\"lazy\" decoding=\"async\"\n          class=\"wp-image-3196 alignleft\"\n          src=\"https:\/\/www.andbank.com\/wp-content\/uploads\/sites\/10\/2017\/08\/Picture4.jpg\"\n          alt=\"\"\n          width=\"157\"\n          height=\"152\"\n        \/>\n      <\/td>\n<td><\/td>\n<td style=\"width: 30%\">\n        <strong>Jorge Maortua Ruiz-L\u00f3pez<\/strong><br \/>\n        Conseiller<br \/>\n        <a\n          href=\"https:\/\/www.andbank.com\/wp-content\/uploads\/sites\/10\/2017\/09\/FR-CV-JORGE-MAORTUA-WEB.pdf\"\n          target=\"_blank\"\n          rel=\"noopener noreferrer\"\n          >Curriculum Vitae<\/a\n        >\n      <\/td>\n<td>\n        <img loading=\"lazy\" decoding=\"async\"\n          class=\"wp-image-17324 alignleft\"\n          src=\"https:\/\/www.andbank.com\/wp-content\/uploads\/2024\/11\/a_nebot.png\"\n          alt=\"Albert Ros\u00e9s Noguer\"\n          width=\"150\"\n          height=\"150\"\n        \/>\n      <\/td>\n<td><\/td>\n<td style=\"width: 30%\">\n        <strong>Alfonso Nebot Armisen<\/strong><br \/>\n        Conseiller<br \/>\n        <a\n          href=\"https:\/\/www.andbank.com\/wp-content\/uploads\/2024\/11\/CV-ALFONSO-NEBOT_CAT.pdf\"\n          target=\"_blank\"\n          rel=\"noopener noreferrer\"\n          >Curriculum Vitae<\/a\n        >\n      <\/td>\n<\/tr>\n<tr>\n<td>\n        <img loading=\"lazy\" decoding=\"async\"\n          class=\"wp-image-17324 alignleft\"\n          src=\"https:\/\/www.andbank.com\/wp-content\/uploads\/2023\/11\/a-roses.jpg\"\n          alt=\"Albert Ros\u00e9s Noguer\"\n          width=\"150\"\n          height=\"150\"\n        \/>\n      <\/td>\n<td><\/td>\n<td style=\"width: 30%\">\n        <strong>Albert Ros\u00e9s Noguer<\/strong><br \/>\n        Conseiller<br \/>\n        <a\n          href=\"https:\/\/www.andbank.com\/wp-content\/uploads\/2023\/11\/CV-ALBERT-ROSES-FR.pdf\"\n          target=\"_blank\"\n          rel=\"noopener noreferrer\"\n          >Curriculum Vitae<\/a\n        >\n      <\/td>\n<td>\n        <img loading=\"lazy\" decoding=\"async\"\n          class=\"wp-image-957 alignleft\"\n          src=\"https:\/\/www.andbank.com\/andorra\/wp-content\/uploads\/sites\/10\/2021\/11\/JAUME-SERRA-1.png\"\n          alt=\"C\u00e9sar Valc\u00e1rcel\"\n          width=\"150\"\n          height=\"150\"\n        \/>\n      <\/td>\n<td><\/td>\n<td style=\"width: 30%\">\n        <strong>Jaume Serra Serra<\/strong><br \/>\n        Conseiller<br \/>\n        <a\n          href=\"https:\/\/www.andbank.com\/andorra\/wp-content\/uploads\/sites\/10\/2021\/11\/CV-JAUME-SERRA-WEB-OK-FR.pdf\"\n          target=\"_blank\"\n          rel=\"noopener noreferrer\"\n          >Curriculum Vitae<\/a\n        >\n      <\/td>\n<\/tr>\n<tr>\n<td>\n        <img loading=\"lazy\" decoding=\"async\"\n          class=\"wp-image-3206 alignleft\"\n          src=\"https:\/\/www.andbank.com\/wp-content\/uploads\/2019\/11\/pablo_garcia.png\"\n          alt=\"\"\n          width=\"153\"\n          height=\"153\"\n        \/>\n      <\/td>\n<td><\/td>\n<td style=\"width: 30%\">\n        <strong>Pablo Garc\u00eda Monta\u00f1\u00e9s<\/strong><br \/>\n        Secr\u00e9taire non membre<br \/>\n        <a\n          href=\"https:\/\/www.andbank.com\/wp-content\/uploads\/2019\/11\/cv_pablo_garcia_fr.pdf\"\n          target=\"_blank\"\n          rel=\"noopener noreferrer\"\n          >Curriculum Vitae<\/a\n        >\n      <\/td>\n<td>&nbsp;<\/td>\n<td><\/td>\n<td style=\"width: 30%\">&nbsp;<\/td>\n<\/tr>\n<\/tbody>\n<\/table>\n<p>&nbsp;<\/p>\n<h2>Direction g\u00e9n\u00e9rale<\/h2>\n<table style=\"max-width: 1000px; width: 95%\">\n<tbody>\n<tr>\n<td>\n        <img loading=\"lazy\" decoding=\"async\"\n          class=\"wp-image-959 alignleft\"\n          src=\"https:\/\/www.andbank.com\/wp-content\/uploads\/2021\/07\/Carlos_Aso.png\"\n          alt=\"\"\n          width=\"150\"\n          height=\"150\"\n        \/>\n      <\/td>\n<td><\/td>\n<td style=\"width: 30%\">\n        <strong>Carlos Aso Miranda<\/strong><br \/>\n        Directeur G\u00e9n\u00e9ral<br \/>\n        <a\n          href=\"https:\/\/www.andbank.com\/wp-content\/uploads\/2021\/07\/CV-CARLOS-ASO-CAT-fr-FR-ok.pdf\"\n          target=\"_blank\"\n          rel=\"noopener noreferrer\"\n          >Curriculum Vitae<\/a\n        >\n      <\/td>\n<td>\n        <img loading=\"lazy\" decoding=\"async\"\n          class=\"alignnone wp-image-2466\"\n          src=\"https:\/\/www.andbank.com\/monaco\/wp-content\/uploads\/sites\/20\/2017\/04\/Gerad-Griset-Andbank-Monaco.png\"\n          alt=\"\"\n          width=\"150\"\n          height=\"150\"\n        \/>\n      <\/td>\n<td><\/td>\n<td style=\"width: 30%\">\n        <strong>Gerard Griseti<\/strong> Managing Partner Monaco\n      <\/td>\n<\/tr>\n<\/tbody>\n<\/table>\n<p>&nbsp;<\/p>\n","protected":false},"excerpt":{"rendered":"<p>D\u00e9couvrez nos \u00e9quipes.<\/p>\n","protected":false},"author":18,"featured_media":353,"parent":1415,"menu_order":62,"comment_status":"closed","ping_status":"closed","template":"template-gerencia.php","meta":{"_acf_changed":false,"footnotes":""},"yst_prominent_words":[81,1408,76,73,1426,1425,84,77],"class_list":["post-1877","page","type-page","status-publish","has-post-thumbnail","hentry"],"acf":[],"_links":{"self":[{"href":"https:\/\/www.andbank.com\/monaco\/wp-json\/wp\/v2\/pages\/1877"}],"collection":[{"href":"https:\/\/www.andbank.com\/monaco\/wp-json\/wp\/v2\/pages"}],"about":[{"href":"https:\/\/www.andbank.com\/monaco\/wp-json\/wp\/v2\/types\/page"}],"author":[{"embeddable":true,"href":"https:\/\/www.andbank.com\/monaco\/wp-json\/wp\/v2\/users\/18"}],"replies":[{"embeddable":true,"href":"https:\/\/www.andbank.com\/monaco\/wp-json\/wp\/v2\/comments?post=1877"}],"version-history":[{"count":1,"href":"https:\/\/www.andbank.com\/monaco\/wp-json\/wp\/v2\/pages\/1877\/revisions"}],"predecessor-version":[{"id":6998,"href":"https:\/\/www.andbank.com\/monaco\/wp-json\/wp\/v2\/pages\/1877\/revisions\/6998"}],"up":[{"embeddable":true,"href":"https:\/\/www.andbank.com\/monaco\/wp-json\/wp\/v2\/pages\/1415"}],"wp:featuredmedia":[{"embeddable":true,"href":"https:\/\/www.andbank.com\/monaco\/wp-json\/wp\/v2\/media\/353"}],"wp:attachment":[{"href":"https:\/\/www.andbank.com\/monaco\/wp-json\/wp\/v2\/media?parent=1877"}],"wp:term":[{"taxonomy":"yst_prominent_words","embeddable":true,"href":"https:\/\/www.andbank.com\/monaco\/wp-json\/wp\/v2\/yst_prominent_words?post=1877"}],"curies":[{"name":"wp","href":"https:\/\/api.w.org\/{rel}","templated":true}]}}