{"id":1878,"date":"2017-04-19T09:18:02","date_gmt":"2017-04-19T07:18:02","guid":{"rendered":"https:\/\/www.andbank.com\/mcco\/qui-sommes-nous\/trabaja-con-nosotros\/"},"modified":"2023-04-02T19:23:14","modified_gmt":"2023-04-02T17:23:14","slug":"travailler-chez-andbank","status":"publish","type":"page","link":"https:\/\/www.andbank.com\/monaco\/qui-sommes-nous\/travailler-chez-andbank\/","title":{"rendered":"Travailler chez Andbank"},"content":{"rendered":"<p>Notre objectif est d\u2019attirer les meilleurs talents o\u00f9 qu\u2019ils se trouvent afin de compl\u00e9ter une \u00e9quipe de professionnels \u00e0 fortes comp\u00e9tences et qui partagent notre philosophie et nos valeurs de travail.<\/p>\n<p>Si vous souhaitez faire partie d\u2019une \u00e9quipe jeune et dynamique, tourn\u00e9e vers la qualit\u00e9 de services et passionn\u00e9e par son travail, envoyez-nous votre CV ou <a href=\"\/mnc\/nous-contacter\/\">prenez contact avec nous<\/a>.<\/p>\n","protected":false},"excerpt":{"rendered":"<p>Nous sommes une soci\u00e9t\u00e9 engag\u00e9e envers ses travailleurs, toujours en qu\u00eate des meilleures options de formation afin d\u2019assurer \u00e0 nos clients un service professionnel et d\u2019avant-garde.<\/p>\n","protected":false},"author":18,"featured_media":1661,"parent":1415,"menu_order":84,"comment_status":"closed","ping_status":"closed","template":"template-detail.php","meta":{"_acf_changed":false,"footnotes":""},"yst_prominent_words":[57,58],"class_list":["post-1878","page","type-page","status-publish","has-post-thumbnail","hentry"],"acf":[],"_links":{"self":[{"href":"https:\/\/www.andbank.com\/monaco\/wp-json\/wp\/v2\/pages\/1878"}],"collection":[{"href":"https:\/\/www.andbank.com\/monaco\/wp-json\/wp\/v2\/pages"}],"about":[{"href":"https:\/\/www.andbank.com\/monaco\/wp-json\/wp\/v2\/types\/page"}],"author":[{"embeddable":true,"href":"https:\/\/www.andbank.com\/monaco\/wp-json\/wp\/v2\/users\/18"}],"replies":[{"embeddable":true,"href":"https:\/\/www.andbank.com\/monaco\/wp-json\/wp\/v2\/comments?post=1878"}],"version-history":[{"count":1,"href":"https:\/\/www.andbank.com\/monaco\/wp-json\/wp\/v2\/pages\/1878\/revisions"}],"predecessor-version":[{"id":6920,"href":"https:\/\/www.andbank.com\/monaco\/wp-json\/wp\/v2\/pages\/1878\/revisions\/6920"}],"up":[{"embeddable":true,"href":"https:\/\/www.andbank.com\/monaco\/wp-json\/wp\/v2\/pages\/1415"}],"wp:featuredmedia":[{"embeddable":true,"href":"https:\/\/www.andbank.com\/monaco\/wp-json\/wp\/v2\/media\/1661"}],"wp:attachment":[{"href":"https:\/\/www.andbank.com\/monaco\/wp-json\/wp\/v2\/media?parent=1878"}],"wp:term":[{"taxonomy":"yst_prominent_words","embeddable":true,"href":"https:\/\/www.andbank.com\/monaco\/wp-json\/wp\/v2\/yst_prominent_words?post=1878"}],"curies":[{"name":"wp","href":"https:\/\/api.w.org\/{rel}","templated":true}]}}