{"id":6380,"date":"2021-08-31T11:10:09","date_gmt":"2021-08-31T09:10:09","guid":{"rendered":"https:\/\/www.andbank.com\/monaco\/?page_id=6380"},"modified":"2022-01-27T18:19:47","modified_gmt":"2022-01-27T16:19:47","slug":"protection-des-donnees","status":"publish","type":"page","link":"https:\/\/www.andbank.com\/monaco\/informations-legales\/protection-des-donnees\/","title":{"rendered":"Protection des donn\u00e9es"},"content":{"rendered":"<h2>PROTECTION DES DONN\u00c9ES PERSONNELLES<\/h2>\n<ul>\n<li><a href=\"https:\/\/www.andbank.com\/monaco\/wp-content\/uploads\/sites\/20\/2022\/01\/2021-Privacy-Notice-CCIN-GDPR-VF-FR.pdf\" target=\"_blank\" rel=\"noopener\">Acc\u00e9der \u00e0 la \u00abPRIVACY NOTICE\u00bb<\/a><\/li>\n<\/ul>\n","protected":false},"excerpt":{"rendered":"<p>PROTECTION DES DONN\u00c9ES PERSONNELLES Acc\u00e9der \u00e0 la \u00abPRIVACY NOTICE\u00bb<\/p>\n","protected":false},"author":28,"featured_media":186,"parent":1442,"menu_order":0,"comment_status":"closed","ping_status":"closed","template":"template-info-detail.php","meta":{"_acf_changed":false,"footnotes":""},"yst_prominent_words":[],"class_list":["post-6380","page","type-page","status-publish","has-post-thumbnail","hentry"],"acf":[],"_links":{"self":[{"href":"https:\/\/www.andbank.com\/monaco\/wp-json\/wp\/v2\/pages\/6380"}],"collection":[{"href":"https:\/\/www.andbank.com\/monaco\/wp-json\/wp\/v2\/pages"}],"about":[{"href":"https:\/\/www.andbank.com\/monaco\/wp-json\/wp\/v2\/types\/page"}],"author":[{"embeddable":true,"href":"https:\/\/www.andbank.com\/monaco\/wp-json\/wp\/v2\/users\/28"}],"replies":[{"embeddable":true,"href":"https:\/\/www.andbank.com\/monaco\/wp-json\/wp\/v2\/comments?post=6380"}],"version-history":[{"count":6,"href":"https:\/\/www.andbank.com\/monaco\/wp-json\/wp\/v2\/pages\/6380\/revisions"}],"predecessor-version":[{"id":6599,"href":"https:\/\/www.andbank.com\/monaco\/wp-json\/wp\/v2\/pages\/6380\/revisions\/6599"}],"up":[{"embeddable":true,"href":"https:\/\/www.andbank.com\/monaco\/wp-json\/wp\/v2\/pages\/1442"}],"wp:featuredmedia":[{"embeddable":true,"href":"https:\/\/www.andbank.com\/monaco\/wp-json\/wp\/v2\/media\/186"}],"wp:attachment":[{"href":"https:\/\/www.andbank.com\/monaco\/wp-json\/wp\/v2\/media?parent=6380"}],"wp:term":[{"taxonomy":"yst_prominent_words","embeddable":true,"href":"https:\/\/www.andbank.com\/monaco\/wp-json\/wp\/v2\/yst_prominent_words?post=6380"}],"curies":[{"name":"wp","href":"https:\/\/api.w.org\/{rel}","templated":true}]}}