{"id":7003,"date":"2025-01-21T19:52:30","date_gmt":"2025-01-21T17:52:30","guid":{"rendered":"https:\/\/www.andbank.com\/monaco\/?page_id=7003"},"modified":"2025-01-21T19:52:30","modified_gmt":"2025-01-21T17:52:30","slug":"conditions-generales","status":"publish","type":"page","link":"https:\/\/www.andbank.com\/monaco\/informations-legales\/conditions-generales\/","title":{"rendered":"Conditions G\u00e9n\u00e9rales"},"content":{"rendered":"<h2>Conditions G\u00e9n\u00e9rales<\/h2>\n<ul>\n<li>Acc\u00e9der aux <a href=\"https:\/\/www.andbank.com\/monaco\/wp-content\/uploads\/sites\/20\/2025\/01\/Conditions-Generales-Andbank-Monaco-SAM-01.2025.pdf\" target=\"_blank\" rel=\"noopener\">Conditions G\u00e9n\u00e9rales<\/a><\/li>\n<\/ul>\n","protected":false},"excerpt":{"rendered":"<p>Conditions G\u00e9n\u00e9rales Acc\u00e9der aux Conditions G\u00e9n\u00e9rales<\/p>\n","protected":false},"author":13,"featured_media":0,"parent":1442,"menu_order":0,"comment_status":"closed","ping_status":"closed","template":"template-info-detail.php","meta":{"_acf_changed":false,"footnotes":""},"yst_prominent_words":[1450],"class_list":["post-7003","page","type-page","status-publish","hentry"],"acf":[],"_links":{"self":[{"href":"https:\/\/www.andbank.com\/monaco\/wp-json\/wp\/v2\/pages\/7003"}],"collection":[{"href":"https:\/\/www.andbank.com\/monaco\/wp-json\/wp\/v2\/pages"}],"about":[{"href":"https:\/\/www.andbank.com\/monaco\/wp-json\/wp\/v2\/types\/page"}],"author":[{"embeddable":true,"href":"https:\/\/www.andbank.com\/monaco\/wp-json\/wp\/v2\/users\/13"}],"replies":[{"embeddable":true,"href":"https:\/\/www.andbank.com\/monaco\/wp-json\/wp\/v2\/comments?post=7003"}],"version-history":[{"count":1,"href":"https:\/\/www.andbank.com\/monaco\/wp-json\/wp\/v2\/pages\/7003\/revisions"}],"predecessor-version":[{"id":7007,"href":"https:\/\/www.andbank.com\/monaco\/wp-json\/wp\/v2\/pages\/7003\/revisions\/7007"}],"up":[{"embeddable":true,"href":"https:\/\/www.andbank.com\/monaco\/wp-json\/wp\/v2\/pages\/1442"}],"wp:attachment":[{"href":"https:\/\/www.andbank.com\/monaco\/wp-json\/wp\/v2\/media?parent=7003"}],"wp:term":[{"taxonomy":"yst_prominent_words","embeddable":true,"href":"https:\/\/www.andbank.com\/monaco\/wp-json\/wp\/v2\/yst_prominent_words?post=7003"}],"curies":[{"name":"wp","href":"https:\/\/api.w.org\/{rel}","templated":true}]}}